{"id":3,"date":"2022-10-27T11:23:02","date_gmt":"2022-10-27T11:23:02","guid":{"rendered":"https:\/\/seadreamers.gr\/?page_id=3"},"modified":"2025-06-17T09:20:30","modified_gmt":"2025-06-17T06:20:30","slug":"informativa-sulla-privacy","status":"publish","type":"page","link":"https:\/\/seadreamers.gr\/it\/privacy-policy\/","title":{"rendered":"Informativa sulla privacy"},"content":{"rendered":"<h2 class=\"wp-block-heading\">Chi siamo<\/h2>\n\n\n\n<p>L'indirizzo della pagina \u00e8: https:\/\/seadreamers.gr.<\/p>\n\n\n\n<h2 class=\"wp-block-heading\">Principi di privacy seadreamers.gr<\/h2>\n\n\n\n<p>Noi di seadreamers.gr, volendo proteggere la vostra privacy quando navigate sul nostro sito web, vi informiamo sui principi fondamentali che regolano il nostro approccio:<\/p>\n\n\n\n<p>A. Rispettando la fiducia che ci dimostrate, vogliamo assicurarvi che utilizziamo le informazioni personali che ci fornite in modo corretto e degno della vostra fiducia.<\/p>\n\n\n\n<p>B. Vi informiamo chiaramente su come utilizziamo le vostre informazioni personali. Siamo sempre onesti con voi sul tipo di informazioni che raccogliamo, su cosa ne facciamo, su chi le condivide e su chi dovete contattare in caso di dubbi.<\/p>\n\n\n\n<p>C. Adottiamo tutte le misure ragionevoli per proteggere le vostre informazioni da un uso improprio e per mantenerle sicure.<\/p>\n\n\n\n<p>D. La nostra politica \u00e8 in linea con la legislazione vigente in materia di protezione dei dati. In caso di lacune nella protezione dei dati, agiamo in conformit\u00e0 con i principi generalmente accettati che regolano la protezione dei dati.<\/p>\n\n\n\n<h2 class=\"wp-block-heading\">Il vostro consenso<\/h2>\n\n\n\n<p>Utilizzando il sito web seadreamers.gr, l'utente acconsente alla raccolta, all'utilizzo e alla divulgazione dei propri dati personali in conformit\u00e0 alle disposizioni della presente Informativa sulla privacy. Se l'utente non \u00e8 d'accordo con la raccolta, l'utilizzo e la divulgazione dei suoi dati personali in questo modo, \u00e8 pregato di non utilizzare seadreamers.gr o di fornire i suoi dati personali in qualsiasi altro modo.<\/p>\n\n\n\n<p>seadreamers.gr raccoglier\u00e0 o utilizzer\u00e0 le informazioni personali dell'utente solo quando potr\u00e0 farlo in modo legale e corretto. Di solito chiediamo il vostro consenso esplicito, ma in alcuni casi il vostro consenso sar\u00e0 considerato basato sulle vostre azioni e sul vostro comportamento (inviando l'e-mail e confermando l'iscrizione alla nostra newsletter attraverso un meccanismo di double opt-in).<\/p>\n\n\n\n<p>\u00c8 possibile che vi venga chiesto di fornire un ulteriore consenso se dobbiamo utilizzare le vostre informazioni personali per scopi non previsti dalla presente dichiarazione. L'utente non \u00e8 tenuto a fornire tale consenso. Se l'utente fornisce un consenso aggiuntivo, i termini di tale consenso prevarranno in caso di conflitto con i termini della presente Informativa sulla privacy.<\/p>\n\n\n\n<h2 class=\"wp-block-heading\">Quali dati personali raccogliamo e perch\u00e9<\/h2>\n\n\n\n<h3 class=\"wp-block-heading\">Commenti<\/h3>\n\n\n\n<p>Quando i visitatori lasciano commenti sul sito, raccogliamo i dati visualizzati nel modulo di feedback, nonch\u00e9 l'indirizzo IP del visitatore e la stringa utente del browser per aiutare a rilevare i messaggi indesiderati.<\/p>\n\n\n\n<p>Il componente aggiuntivo che utilizziamo \u00e8 Akismet, che raccoglie i seguenti dati:<\/p>\n\n\n\n<p>\"Raccogliamo informazioni sui visitatori che commentano su siti che utilizzano il servizio anti-spam Akismet. Le informazioni che raccogliamo dipendono dal modo in cui l'utente imposta Akismet per il sito, ma di solito includono l'indirizzo IP, l'agente utente, l'indirizzo di riferimento e l'indirizzo del sito del commentatore (insieme ad altre informazioni fornite direttamente dal commentatore, come il nome, l'indirizzo e il commento stesso). \"<\/p>\n\n\n\n<h3 class=\"wp-block-heading\">Multimedia<\/h3>\n\n\n\n<p>Se caricate immagini sul sito, evitate di caricare immagini con dati di localizzazione incorporati (EXIF GPS). I visitatori del sito possono scaricare ed esportare i dati di localizzazione dalle immagini presenti sul sito.<\/p>\n\n\n\n<h3 class=\"wp-block-heading\">Moduli di contatto<\/h3>\n\n\n\n<p>Quando <a href=\"https:\/\/seadreamers.gr\/it\/contatto\/\" title=\"\">contatto<\/a> attraverso il modulo di contatto, conserviamo i dati per un certo periodo di tempo, al solo scopo di fornire il vostro servizio. In nessun caso utilizziamo le informazioni inviate nel modulo a scopo di lucro o le promuoviamo a terzi.<\/p>\n\n\n\n<h3 class=\"wp-block-heading\">Biscotti<\/h3>\n\n\n\n<p>Se lasciate un commento sul nostro sito, potete scegliere di salvare il vostro nome, indirizzo e-mail e sito nei cookie. Questi sono per vostra comodit\u00e0, in modo che non dobbiate inserire nuovamente i vostri dati quando lasciate un altro commento. La durata di questi cookie \u00e8 di un anno.<\/p>\n\n\n\n<p>Se avete un account e accedete al sito, creeremo un cookie di progetto per determinare se il browser accetta i cookie. Il cookie non contiene informazioni personali e viene eliminato alla chiusura del browser.<\/p>\n\n\n\n<p>Quando si accede, vengono creati diversi cookie per memorizzare le informazioni di accesso e le opzioni di visualizzazione. I cookie di accesso durano due giorni, mentre i cookie su schermo durano un anno. Se si seleziona \"Ricordami\", la connessione durer\u00e0 due settimane. Se si esce dal proprio account, i cookie di accesso verranno rimossi.<\/p>\n\n\n\n<p>Se si modifica o si pubblica un articolo, un ulteriore cookie verr\u00e0 salvato nel browser. Questo cookie non contiene dati personali e indica solo l'ID del post dell'articolo appena modificato. Scade dopo 1 giorno.<\/p>\n\n\n\n<h3 class=\"wp-block-heading\">Contenuti incorporati da altri siti<\/h3>\n\n\n\n<p>Gli articoli di questo sito possono contenere contenuti incorporati (ad esempio video, immagini, articoli, ecc.). I contenuti incorporati provenienti da altri siti si comportano esattamente come se il visitatore visitasse l'altro sito.<\/p>\n\n\n\n<h3 class=\"wp-block-heading\">Informazioni dettagliate<\/h3>\n\n\n\n<p>Noi (e i fornitori di servizi terzi che agiscono per nostro conto, come Google) utilizziamo i cookie e altri strumenti (come gli strumenti di analisi web) per raccogliere automaticamente informazioni sugli utenti quando questi utilizzano il sito web seadreamers.gr, in conformit\u00e0 con i termini della presente Dichiarazione sulla privacy e con le leggi e i regolamenti applicabili. I tipi di informazioni raccolte automaticamente possono includere:<\/p>\n\n\n\n<ul class=\"wp-block-list\">\n<li>informazioni sul tipo di processore (browser) utilizzato dall'utente<\/li>\n\n\n\n<li>dettagli sui siti web che avete visto<\/li>\n\n\n\n<li>il vostro indirizzo IP<\/li>\n\n\n\n<li>collegamenti ipertestuali su cui si \u00e8 fatto clic<\/li>\n\n\n\n<li>il vostro nome utente, l'immagine del profilo, il sesso, le reti e qualsiasi altra informazione che scegliete di condividere quando utilizzate siti web di terze parti (come quando utilizzate la funzione \"Mi piace\" di Facebook)<\/li>\n\n\n\n<li>i siti web visitati prima di arrivare al sito web seadreamers.gr<\/li>\n\n\n\n<li>(in totale, \"Informazioni derivanti dall'utilizzo del sito web\").<\/li>\n<\/ul>\n\n\n\n<p>La maggior parte dei browser web \u00e8 stata creata per accettare i cookie. \u00c8 possibile modificare le impostazioni per bloccare i cookie o notificare l'invio di cookie al proprio dispositivo.<\/p>\n\n\n\n<p>Se si utilizzano browser diversi o pi\u00f9 dispositivi, potrebbe essere necessario modificare le impostazioni per ciascun browser su ciascun dispositivo.<\/p>\n\n\n\n<p>Tuttavia, si prega di notare che se si disabilitano i cookie, ci\u00f2 potrebbe influire sulla navigazione in seadreamers.gr.<\/p>\n\n\n\n<h3 class=\"wp-block-heading\">Informazioni raccolte da altre fonti<\/h3>\n\n\n\n<p>Potremmo ricevere informazioni personali sull'utente da altre fonti legittime, comprese le informazioni provenienti da fonti disponibili in commercio, quali raccoglitori di dati e raccoglitori di informazioni di terze parti. I tipi di informazioni personali che possiamo raccogliere da queste fonti includono:<\/p>\n\n\n\n<ul class=\"wp-block-list\">\n<li>nome<\/li>\n\n\n\n<li>indirizzo stradale<\/li>\n\n\n\n<li>et\u00e0<\/li>\n\n\n\n<li>abitudini di acquisto<\/li>\n\n\n\n<li>preferenze e informazioni sul vostro stile di vita, come i vostri hobby e interessi<\/li>\n\n\n\n<li>informazioni disponibili pubblicamente, come contenuti generati dagli utenti, blog e post personali, se consentito dalla legge<\/li>\n<\/ul>\n\n\n\n<h3 class=\"wp-block-heading\">Pubblicit\u00e0 online<\/h3>\n\n\n\n<p>Possiamo condividere le informazioni ricavate dall'uso del sito web con terze parti fidate (ad esempio, societ\u00e0 pubblicitarie, reti pubblicitarie, ecc.) al fine di fornirvi contenuti personalizzati, compresi prodotti e servizi pubblicitari che potrebbero essere disponibili per voi.<\/p>\n\n\n\n<p>Queste terze parti possono definire e accedere ai propri cookie e ad altre tecnologie di tracciamento simili sul dispositivo dell'utente, in modo da poter fornire materiale e annunci personalizzati quando l'utente visita il sito web seadreamers.gr.<\/p>\n\n\n\n<p>A seconda del luogo in cui vi trovate, potrebbero esserci soluzioni per aiutarvi a controllare le vostre preferenze su Internet (ad esempio, il fatto che terze parti possano raccogliere e utilizzare le vostre informazioni personali per scopi pubblicitari mirati).<\/p>\n\n\n\n<p>In Europa, ad esempio, www.youronlinechoices.com consente di scegliere quali aziende possono offrire annunci personalizzati, mentre negli Stati Uniti \u00e8 possibile utilizzare lo strumento di Opt-Out della Network Advertising Initiative e lo strumento di Opt-Out della Digital Advertising Alliance.<\/p>\n\n\n\n<h2 class=\"wp-block-heading\">Per quanto tempo conserviamo i vostri dati?<\/h2>\n\n\n\n<p>Se si lascia un commento, il commento e i suoi metadati vengono salvati. Questo per poter riconoscere e approvare automaticamente i commenti che seguono, invece di tenerli in coda.<\/p>\n\n\n\n<p>Per gli utenti che si registrano sul nostro sito, memorizziamo anche i dati personali che inseriscono nel loro profilo utente. Tutti gli utenti possono visualizzare, modificare o cancellare i propri dati personali in qualsiasi momento (ad eccezione della possibilit\u00e0 di cambiare il proprio nome utente). Anche gli amministratori di questo sito possono visualizzare ed elaborare queste informazioni.<\/p>\n\n\n\n<p>Conserviamo i dati del modulo di contatto per sei mesi, le metriche del traffico per un anno e i registri dei clienti per dieci anni.<\/p>\n\n\n\n<h2 class=\"wp-block-heading\">Quali diritti avete sui vostri dati?<\/h2>\n\n\n\n<p>Se avete un account su questo sito o avete lasciato commenti, potete richiedere di ottenere un file esportato dei dati personali in nostro possesso, comprese le informazioni che ci avete fornito.<\/p>\n\n\n\n<p>Potete anche richiedere la cancellazione dei dati personali in nostro possesso. Ci\u00f2 non include i dati che siamo tenuti a conservare per motivi amministrativi, legali o di sicurezza.<\/p>\n\n\n\n<h3 class=\"wp-block-heading\">Dove saranno inviati i vostri dati<\/h3>\n\n\n\n<p>Le recensioni degli ospiti possono essere monitorate attraverso un sistema automatico di posta indesiderata.<\/p>\n\n\n\n<h3 class=\"wp-block-heading\">I vostri diritti in materia di privacy e chi contattare<\/h3>\n\n\n\n<p>Se avete domande, commenti o dubbi su come gestiamo i vostri dati personali, potete contattarci cliccando sul link di contatto in fondo al sito web seadreamers.gr.<\/p>\n\n\n\n<p>In alternativa, potete farlo attraverso l'apposito link presente in ogni newsletter-email, se vi siete iscritti con il vostro esplicito consenso.<\/p>\n\n\n\n<p>L'utente ha il diritto di comunicarci se:<\/p>\n\n\n\n<ul class=\"wp-block-list\">\n<li>Non si desidera essere contattati in futuro<\/li>\n\n\n\n<li>Desiderate una copia dei dati personali in nostro possesso<\/li>\n\n\n\n<li>Desiderate correggere, aggiornare o cancellare i vostri dati personali presenti nel nostro archivio<\/li>\n\n\n\n<li>Desiderate segnalare un eventuale uso improprio dei vostri dati personali<\/li>\n\n\n\n<li>Per aiutarci a soddisfare le vostre richieste, vi preghiamo di fornire il vostro nome e i vostri dati.<\/li>\n<\/ul>\n\n\n\n<h3 class=\"wp-block-heading\">Come proteggiamo i vostri dati<\/h3>\n\n\n\n<p>Abbiamo adottato misure per proteggere i vostri dati personali. Crittografia dei dati immessi tramite protocollo ssl comodo e misure di sicurezza come l'autenticazione a due fattori.<\/p>\n\n\n\n<h3 class=\"wp-block-heading\">Quali procedure abbiamo adottato per la violazione dei dati?<\/h3>\n\n\n\n<p>In caso di potenziali o effettive violazioni dei dati, disponiamo di meccanismi interni di segnalazione e verrete immediatamente informati di qualsiasi problema.<\/p>\n\n\n\n<h2 class=\"wp-block-heading\">Modifiche all'Informativa sulla privacy<\/h2>\n\n\n\n<p>Possiamo modificare periodicamente la presente Informativa sulla privacy pubblicandone una versione aggiornata sul sito web seadreamers.gr.<\/p>\n\n\n\n<p>Da parte nostra, vi daremo un ragionevole preavviso per qualsiasi modifica sostanziale. Vi invitiamo a visitarle frequentemente per rimanere informati su come utilizziamo i vostri dati personali.<\/p>","protected":false},"excerpt":{"rendered":"<p>Chi siamo L'indirizzo della pagina \u00e8: https:\/\/seadreamers.gr. Principi di privacy seadreamers.gr Noi di seadreamers.gr, volendo proteggere la vostra privacy quando navigate sul nostro sito, ... <a title=\"Informativa sulla privacy\" class=\"read-more\" href=\"https:\/\/seadreamers.gr\/it\/privacy-policy\/\" aria-label=\"Per saperne di pi\u00f9 su Privacy Policy\">Leggi tutto<\/a><\/p>","protected":false},"author":1,"featured_media":0,"parent":0,"menu_order":0,"comment_status":"closed","ping_status":"open","template":"","meta":{"_nectar_blocks_hide_post_title":false,"_nectar_blocks_transparent_header_effect":false,"_nectar_blocks_transparent_header_effect_color":"light","_nectar_blocks_header_animation":false,"_nectar_blocks_header_animation_delay":0,"_nectar_blocks_header_animation_effect":"fade","_nectar_blocks_page_css":"","_nectar_blocks_page_js":"","footnotes":""},"class_list":["post-3","page","type-page","status-publish"],"aioseo_notices":[],"aioseo_head":"\n\t\t<!-- All in One SEO Pro 4.9.5.2 - aioseo.com -->\n\t<meta name=\"description\" content=\"How SeaDreamers collects, uses, and protects your personal data when you browse our site or book a boat tour in Corfu.\" \/>\n\t<meta name=\"robots\" content=\"max-image-preview:large\" \/>\n\t<meta name=\"google-site-verification\" content=\"4FOEztazX8qyyEzppzlQqn-ZaZID3EDsMdiT8wAzjuw\" \/>\n\t<link rel=\"canonical\" href=\"https:\/\/seadreamers.gr\/it\/privacy-policy\/\" \/>\n\t<meta name=\"generator\" content=\"All in One SEO Pro (AIOSEO) 4.9.5.2\" \/>\n\t\t<meta property=\"og:locale\" content=\"it_IT\" \/>\n\t\t<meta property=\"og:site_name\" content=\"Seadreamers - Luxury Boat Rental\" \/>\n\t\t<meta property=\"og:type\" content=\"article\" \/>\n\t\t<meta property=\"og:title\" content=\"Privacy Policy | SeaDreamers\" \/>\n\t\t<meta property=\"og:description\" content=\"How SeaDreamers collects, uses, and protects your personal data when you browse our site or book a boat tour in Corfu.\" \/>\n\t\t<meta property=\"og:url\" content=\"https:\/\/seadreamers.gr\/it\/privacy-policy\/\" \/>\n\t\t<meta property=\"og:image\" content=\"https:\/\/seadreamers.gr\/wp-content\/uploads\/2024\/05\/C0066.00_04_19_18.Still009.jpg\" \/>\n\t\t<meta property=\"og:image:secure_url\" content=\"https:\/\/seadreamers.gr\/wp-content\/uploads\/2024\/05\/C0066.00_04_19_18.Still009.jpg\" \/>\n\t\t<meta property=\"og:image:width\" content=\"1920\" \/>\n\t\t<meta property=\"og:image:height\" content=\"1080\" \/>\n\t\t<meta property=\"article:published_time\" content=\"2022-10-27T11:23:02+00:00\" \/>\n\t\t<meta property=\"article:modified_time\" content=\"2025-06-17T06:20:30+00:00\" \/>\n\t\t<meta property=\"article:publisher\" content=\"https:\/\/www.facebook.com\/seadreamers.gr\" \/>\n\t\t<meta name=\"twitter:card\" content=\"summary_large_image\" \/>\n\t\t<meta name=\"twitter:title\" content=\"Privacy Policy | SeaDreamers\" \/>\n\t\t<meta name=\"twitter:description\" content=\"How SeaDreamers collects, uses, and protects your personal data when you browse our site or book a boat tour in Corfu.\" \/>\n\t\t<meta name=\"twitter:image\" content=\"https:\/\/seadreamers.gr\/wp-content\/uploads\/2024\/05\/C0066.00_04_19_18.Still009.jpg\" \/>\n\t\t<script type=\"application\/ld+json\" class=\"aioseo-schema\">\n\t\t\t{\"@context\":\"https:\\\/\\\/schema.org\",\"@graph\":[{\"@type\":\"BreadcrumbList\",\"@id\":\"https:\\\/\\\/seadreamers.gr\\\/it\\\/privacy-policy\\\/#breadcrumblist\",\"itemListElement\":[{\"@type\":\"ListItem\",\"@id\":\"https:\\\/\\\/seadreamers.gr\\\/it#listItem\",\"position\":1,\"name\":\"Home\",\"item\":\"https:\\\/\\\/seadreamers.gr\\\/it\",\"nextItem\":{\"@type\":\"ListItem\",\"@id\":\"https:\\\/\\\/seadreamers.gr\\\/it\\\/privacy-policy\\\/#listItem\",\"name\":\"Privacy Policy\"}},{\"@type\":\"ListItem\",\"@id\":\"https:\\\/\\\/seadreamers.gr\\\/it\\\/privacy-policy\\\/#listItem\",\"position\":2,\"name\":\"Privacy Policy\",\"previousItem\":{\"@type\":\"ListItem\",\"@id\":\"https:\\\/\\\/seadreamers.gr\\\/it#listItem\",\"name\":\"Home\"}}]},{\"@type\":\"Organization\",\"@id\":\"https:\\\/\\\/seadreamers.gr\\\/it\\\/#organization\",\"name\":\"Seadreamers\",\"description\":\"Luxury Boat Rental\",\"url\":\"https:\\\/\\\/seadreamers.gr\\\/it\\\/\",\"telephone\":\"+306946545555\",\"logo\":{\"@type\":\"ImageObject\",\"url\":\"https:\\\/\\\/seadreamers.gr\\\/wp-content\\\/uploads\\\/2023\\\/05\\\/seadreamers-logo-transparent-wide.png\",\"@id\":\"https:\\\/\\\/seadreamers.gr\\\/it\\\/privacy-policy\\\/#organizationLogo\",\"width\":350,\"height\":70},\"image\":{\"@id\":\"https:\\\/\\\/seadreamers.gr\\\/it\\\/privacy-policy\\\/#organizationLogo\"},\"sameAs\":[\"https:\\\/\\\/www.facebook.com\\\/seadreamers.gr\",\"https:\\\/\\\/www.instagram.com\\\/seadreamers.gr\\\/\",\"https:\\\/\\\/www.youtube.com\\\/channel\\\/UCeqX8F65z7TxcemabGLSLyg\"]},{\"@type\":\"WebPage\",\"@id\":\"https:\\\/\\\/seadreamers.gr\\\/it\\\/privacy-policy\\\/#webpage\",\"url\":\"https:\\\/\\\/seadreamers.gr\\\/it\\\/privacy-policy\\\/\",\"name\":\"Privacy Policy | SeaDreamers\",\"description\":\"How SeaDreamers collects, uses, and protects your personal data when you browse our site or book a boat tour in Corfu.\",\"inLanguage\":\"it-IT\",\"isPartOf\":{\"@id\":\"https:\\\/\\\/seadreamers.gr\\\/it\\\/#website\"},\"breadcrumb\":{\"@id\":\"https:\\\/\\\/seadreamers.gr\\\/it\\\/privacy-policy\\\/#breadcrumblist\"},\"datePublished\":\"2022-10-27T11:23:02+03:00\",\"dateModified\":\"2025-06-17T09:20:30+03:00\"},{\"@type\":\"WebSite\",\"@id\":\"https:\\\/\\\/seadreamers.gr\\\/it\\\/#website\",\"url\":\"https:\\\/\\\/seadreamers.gr\\\/it\\\/\",\"name\":\"Seadreamers\",\"description\":\"Luxury Boat Rental\",\"inLanguage\":\"it-IT\",\"publisher\":{\"@id\":\"https:\\\/\\\/seadreamers.gr\\\/it\\\/#organization\"}}]}\n\t\t<\/script>\n\t\t<!-- All in One SEO Pro -->\r\n\t\t<title>Privacy Policy | SeaDreamers<\/title>\n\n","aioseo_head_json":{"title":"Privacy Policy | SeaDreamers","description":"How SeaDreamers collects, uses, and protects your personal data when you browse our site or book a boat tour in Corfu.","canonical_url":"https:\/\/seadreamers.gr\/it\/privacy-policy\/","robots":"max-image-preview:large","keywords":"","webmasterTools":{"google-site-verification":"4FOEztazX8qyyEzppzlQqn-ZaZID3EDsMdiT8wAzjuw","miscellaneous":""},"schema":{"@context":"https:\/\/schema.org","@graph":[{"@type":"BreadcrumbList","@id":"https:\/\/seadreamers.gr\/it\/privacy-policy\/#breadcrumblist","itemListElement":[{"@type":"ListItem","@id":"https:\/\/seadreamers.gr\/it#listItem","position":1,"name":"Home","item":"https:\/\/seadreamers.gr\/it","nextItem":{"@type":"ListItem","@id":"https:\/\/seadreamers.gr\/it\/privacy-policy\/#listItem","name":"Privacy Policy"}},{"@type":"ListItem","@id":"https:\/\/seadreamers.gr\/it\/privacy-policy\/#listItem","position":2,"name":"Privacy Policy","previousItem":{"@type":"ListItem","@id":"https:\/\/seadreamers.gr\/it#listItem","name":"Home"}}]},{"@type":"Organization","@id":"https:\/\/seadreamers.gr\/it\/#organization","name":"Seadreamers","description":"Luxury Boat Rental","url":"https:\/\/seadreamers.gr\/it\/","telephone":"+306946545555","logo":{"@type":"ImageObject","url":"https:\/\/seadreamers.gr\/wp-content\/uploads\/2023\/05\/seadreamers-logo-transparent-wide.png","@id":"https:\/\/seadreamers.gr\/it\/privacy-policy\/#organizationLogo","width":350,"height":70},"image":{"@id":"https:\/\/seadreamers.gr\/it\/privacy-policy\/#organizationLogo"},"sameAs":["https:\/\/www.facebook.com\/seadreamers.gr","https:\/\/www.instagram.com\/seadreamers.gr\/","https:\/\/www.youtube.com\/channel\/UCeqX8F65z7TxcemabGLSLyg"]},{"@type":"WebPage","@id":"https:\/\/seadreamers.gr\/it\/privacy-policy\/#webpage","url":"https:\/\/seadreamers.gr\/it\/privacy-policy\/","name":"Privacy Policy | SeaDreamers","description":"How SeaDreamers collects, uses, and protects your personal data when you browse our site or book a boat tour in Corfu.","inLanguage":"it-IT","isPartOf":{"@id":"https:\/\/seadreamers.gr\/it\/#website"},"breadcrumb":{"@id":"https:\/\/seadreamers.gr\/it\/privacy-policy\/#breadcrumblist"},"datePublished":"2022-10-27T11:23:02+03:00","dateModified":"2025-06-17T09:20:30+03:00"},{"@type":"WebSite","@id":"https:\/\/seadreamers.gr\/it\/#website","url":"https:\/\/seadreamers.gr\/it\/","name":"Seadreamers","description":"Luxury Boat Rental","inLanguage":"it-IT","publisher":{"@id":"https:\/\/seadreamers.gr\/it\/#organization"}}]},"og:locale":"it_IT","og:site_name":"Seadreamers - Luxury Boat Rental","og:type":"article","og:title":"Privacy Policy | SeaDreamers","og:description":"How SeaDreamers collects, uses, and protects your personal data when you browse our site or book a boat tour in Corfu.","og:url":"https:\/\/seadreamers.gr\/it\/privacy-policy\/","og:image":"https:\/\/seadreamers.gr\/wp-content\/uploads\/2024\/05\/C0066.00_04_19_18.Still009.jpg","og:image:secure_url":"https:\/\/seadreamers.gr\/wp-content\/uploads\/2024\/05\/C0066.00_04_19_18.Still009.jpg","og:image:width":1920,"og:image:height":1080,"article:published_time":"2022-10-27T11:23:02+00:00","article:modified_time":"2025-06-17T06:20:30+00:00","article:publisher":"https:\/\/www.facebook.com\/seadreamers.gr","twitter:card":"summary_large_image","twitter:title":"Privacy Policy | SeaDreamers","twitter:description":"How SeaDreamers collects, uses, and protects your personal data when you browse our site or book a boat tour in Corfu.","twitter:image":"https:\/\/seadreamers.gr\/wp-content\/uploads\/2024\/05\/C0066.00_04_19_18.Still009.jpg"},"aioseo_meta_data":{"post_id":"3","title":"Privacy Policy | SeaDreamers","description":"How SeaDreamers collects, uses, and protects your personal data when you browse our site or book a boat tour in Corfu.","keywords":null,"keyphrases":{"focus":{"keyphrase":"","score":0,"analysis":{"keyphraseInTitle":{"score":0,"maxScore":9,"error":1}}},"additional":[]},"primary_term":null,"canonical_url":null,"og_title":null,"og_description":null,"og_object_type":"default","og_image_type":"default","og_image_url":null,"og_image_width":null,"og_image_height":null,"og_image_custom_url":null,"og_image_custom_fields":null,"og_video":"","og_custom_url":null,"og_article_section":null,"og_article_tags":null,"twitter_use_og":false,"twitter_card":"default","twitter_image_type":"default","twitter_image_url":null,"twitter_image_custom_url":null,"twitter_image_custom_fields":null,"twitter_title":null,"twitter_description":null,"schema":{"blockGraphs":[],"customGraphs":[],"default":{"data":{"Article":[],"Course":[],"Dataset":[],"FAQPage":[],"Movie":[],"Person":[],"Product":[],"ProductReview":[],"Car":[],"Recipe":[],"Service":[],"SoftwareApplication":[],"WebPage":[]},"graphName":"WebPage","isEnabled":true},"graphs":[]},"schema_type":"default","schema_type_options":null,"pillar_content":false,"robots_default":true,"robots_noindex":false,"robots_noarchive":false,"robots_nosnippet":false,"robots_nofollow":false,"robots_noimageindex":false,"robots_noodp":false,"robots_notranslate":false,"robots_max_snippet":"-1","robots_max_videopreview":"-1","robots_max_imagepreview":"large","priority":null,"frequency":"default","local_seo":null,"seo_analyzer_scan_date":"2025-08-22 13:09:18","breadcrumb_settings":null,"limit_modified_date":false,"open_ai":"{\"title\":{\"suggestions\":[],\"usage\":0},\"description\":{\"suggestions\":[],\"usage\":0}}","ai":null,"created":"2025-06-14 09:47:12","updated":"2025-11-17 10:02:19"},"aioseo_breadcrumb":"<div class=\"aioseo-breadcrumbs\"><span class=\"aioseo-breadcrumb\">\n\t<a href=\"https:\/\/seadreamers.gr\/it\" title=\"Home\">Home<\/a>\n<\/span><span class=\"aioseo-breadcrumb-separator\">&raquo;<\/span><span class=\"aioseo-breadcrumb\">\n\tPrivacy Policy\n<\/span><\/div>","aioseo_breadcrumb_json":[{"label":"Home","link":"https:\/\/seadreamers.gr\/it"},{"label":"Privacy Policy","link":"https:\/\/seadreamers.gr\/it\/privacy-policy\/"}],"_links":{"self":[{"href":"https:\/\/seadreamers.gr\/it\/wp-json\/wp\/v2\/pages\/3","targetHints":{"allow":["GET"]}}],"collection":[{"href":"https:\/\/seadreamers.gr\/it\/wp-json\/wp\/v2\/pages"}],"about":[{"href":"https:\/\/seadreamers.gr\/it\/wp-json\/wp\/v2\/types\/page"}],"author":[{"embeddable":true,"href":"https:\/\/seadreamers.gr\/it\/wp-json\/wp\/v2\/users\/1"}],"replies":[{"embeddable":true,"href":"https:\/\/seadreamers.gr\/it\/wp-json\/wp\/v2\/comments?post=3"}],"version-history":[{"count":0,"href":"https:\/\/seadreamers.gr\/it\/wp-json\/wp\/v2\/pages\/3\/revisions"}],"wp:attachment":[{"href":"https:\/\/seadreamers.gr\/it\/wp-json\/wp\/v2\/media?parent=3"}],"curies":[{"name":"wp","href":"https:\/\/api.w.org\/{rel}","templated":true}]}}