{"id":91,"date":"2023-07-03T14:00:31","date_gmt":"2023-07-03T11:00:31","guid":{"rendered":"https:\/\/flavor.wordifysites.com\/?page_id=91"},"modified":"2026-03-13T12:35:32","modified_gmt":"2026-03-13T10:35:32","slug":"politica-de-cancelacion-de-pagos","status":"publish","type":"page","link":"https:\/\/seadreamers.gr\/es\/payments-cancellation-policy\/","title":{"rendered":"Pol\u00edtica de pago y cancelaci\u00f3n"},"content":{"rendered":"<p id=\"block-zKFLe2UTOk\" class=\"wp-block-nectar-blocks-text nectar-blocks-text\">Se requiere un dep\u00f3sito de 50% (mediante transferencia bancaria o enlace de pago seguro) para confirmar la reserva.<\/p>\n\n\n\n<p id=\"block-xT7UUQo0Ph\" class=\"wp-block-nectar-blocks-text nectar-blocks-text\">El saldo restante de 50% deber\u00e1 abonarse a la llegada a bordo.<\/p>\n\n\n\n<p id=\"block-v3b2f6u6Xm\" class=\"wp-block-nectar-blocks-text nectar-blocks-text\">Formas de pago aceptadas:<\/p>\n\n\n\n<p id=\"block-qUTTBO6Bsj\" class=\"wp-block-nectar-blocks-text nectar-blocks-text\">- Tarjeta de cr\u00e9dito<br>- Tarjeta de d\u00e9bito<\/p>\n\n\n\n<p id=\"block-9LQxON8IWs\" class=\"wp-block-nectar-blocks-text nectar-blocks-text\">En caso de cancelaci\u00f3n por parte del Fletador, se aplicar\u00e1 lo siguiente:<\/p>\n\n\n\n<p id=\"block-GSl12MGp3f\" class=\"wp-block-nectar-blocks-text nectar-blocks-text\"><strong>1<\/strong>.Si la reserva se cancela entre 5 y 15 d\u00edas antes del embarque, se cobrar\u00e1 al fletador una tasa de cancelaci\u00f3n que asciende a 30% del precio del ch\u00e1rter.<\/p>\n\n\n\n<p id=\"block-jbC96wfksk\" class=\"wp-block-nectar-blocks-text nectar-blocks-text\"><strong>2.<\/strong>Si la reserva se cancela entre 5 y 2 d\u00edas antes del embarque, se cobrar\u00e1 al fletador una tasa de cancelaci\u00f3n que asciende a 50% del precio del ch\u00e1rter.<\/p>\n\n\n\n<p id=\"block-M7feTVRwAW\" class=\"wp-block-nectar-blocks-text nectar-blocks-text\"><strong>3.<\/strong>Si la reserva se cancela 2-0 d\u00edas antes del embarque, se cobrar\u00e1 al fletador una tasa de cancelaci\u00f3n que asciende a 100% del precio del ch\u00e1rter.<\/p>\n\n\n\n<p id=\"block-17YCGsjjgZ\" class=\"wp-block-nectar-blocks-text nectar-blocks-text\">En caso de anulaci\u00f3n de la reserva por causas meteorol\u00f3gicas, se aplicar\u00e1n las siguientes tarifas:<br><br><strong>1.<\/strong>El fletador puede ser reembolsado 100%.<br><strong>2.<\/strong>El fletador puede reprogramar el viaje en funci\u00f3n de la disponibilidad de la embarcaci\u00f3n.<\/p>\n\n\n\n<h3 class=\"gb-headline gb-headline-d702c2b8 gb-headline-text\">Condiciones inaceptables<\/h3>\n\n\n\n<p id=\"block-ET64fjicNz\" class=\"wp-block-nectar-blocks-text nectar-blocks-text\">Entendemos que las condiciones meteorol\u00f3gicas imprevistas pueden afectar a su viaje previsto. Si, debido a las inclemencias del tiempo, no podemos continuar con el viaje, le ofrecemos dos opciones para su comodidad. Usted puede elegir:<\/p>\n\n\n\n<p id=\"block-cTvdduT5kc\" class=\"wp-block-nectar-blocks-text nectar-blocks-text\">Nuestro objetivo es garantizar su satisfacci\u00f3n y ofrecer flexibilidad en tales circunstancias.<\/p>\n\n\n\n<p id=\"block-LcmGFlfThR\" class=\"wp-block-nectar-blocks-text nectar-blocks-text\">P\u00f3ngase en contacto con nosotros en\u00a0<a href=\"mailto:info@seadreamers.gr\" title=\"\">info@seadreamers.gr<\/a>\u00a0para cuestiones relacionadas con reembolsos y devoluciones.<\/p>\n\n\n\n<p id=\"block-p3z28QqCOG\" class=\"wp-block-nectar-blocks-text nectar-blocks-text\"><\/p>","protected":false},"excerpt":{"rendered":"<p>Condiciones inaceptables<\/p>","protected":false},"author":1,"featured_media":0,"parent":0,"menu_order":0,"comment_status":"closed","ping_status":"closed","template":"","meta":{"_nectar_blocks_hide_post_title":false,"_nectar_blocks_transparent_header_effect":false,"_nectar_blocks_transparent_header_effect_color":"light","_nectar_blocks_header_animation":false,"_nectar_blocks_header_animation_delay":0,"_nectar_blocks_header_animation_effect":"fade","_nectar_blocks_page_css":"","_nectar_blocks_page_js":"","footnotes":""},"class_list":["post-91","page","type-page","status-publish"],"aioseo_notices":[],"aioseo_head":"\n\t\t<!-- All in One SEO Pro 4.9.5.2 - aioseo.com -->\n\t<meta name=\"description\" content=\"Transparent booking terms for SeaDreamers boat tours. Deposit requirements, cancellation windows, and refund details -- all clearly explained.\" \/>\n\t<meta name=\"robots\" content=\"max-image-preview:large\" \/>\n\t<meta name=\"google-site-verification\" content=\"4FOEztazX8qyyEzppzlQqn-ZaZID3EDsMdiT8wAzjuw\" \/>\n\t<link rel=\"canonical\" href=\"https:\/\/seadreamers.gr\/es\/payments-cancellation-policy\/\" \/>\n\t<meta name=\"generator\" content=\"All in One SEO Pro (AIOSEO) 4.9.5.2\" \/>\n\t\t<meta property=\"og:locale\" content=\"es_ES\" \/>\n\t\t<meta property=\"og:site_name\" content=\"Seadreamers - Luxury Boat Rental\" \/>\n\t\t<meta property=\"og:type\" content=\"article\" \/>\n\t\t<meta property=\"og:title\" content=\"Payment and Cancellation Policy | SeaDreamers\" \/>\n\t\t<meta property=\"og:description\" content=\"Transparent booking terms for SeaDreamers boat tours. Deposit requirements, cancellation windows, and refund details -- all clearly explained.\" \/>\n\t\t<meta property=\"og:url\" content=\"https:\/\/seadreamers.gr\/es\/payments-cancellation-policy\/\" \/>\n\t\t<meta property=\"og:image\" content=\"https:\/\/seadreamers.gr\/wp-content\/uploads\/2024\/05\/C0066.00_04_19_18.Still009.jpg\" \/>\n\t\t<meta property=\"og:image:secure_url\" content=\"https:\/\/seadreamers.gr\/wp-content\/uploads\/2024\/05\/C0066.00_04_19_18.Still009.jpg\" \/>\n\t\t<meta property=\"og:image:width\" content=\"1920\" \/>\n\t\t<meta property=\"og:image:height\" content=\"1080\" \/>\n\t\t<meta property=\"article:published_time\" content=\"2023-07-03T11:00:31+00:00\" \/>\n\t\t<meta property=\"article:modified_time\" content=\"2026-03-13T10:35:32+00:00\" \/>\n\t\t<meta property=\"article:publisher\" content=\"https:\/\/www.facebook.com\/seadreamers.gr\" \/>\n\t\t<meta name=\"twitter:card\" content=\"summary_large_image\" \/>\n\t\t<meta name=\"twitter:title\" content=\"Payment and Cancellation Policy | SeaDreamers\" \/>\n\t\t<meta name=\"twitter:description\" content=\"Transparent booking terms for SeaDreamers boat tours. Deposit requirements, cancellation windows, and refund details -- all clearly explained.\" \/>\n\t\t<meta name=\"twitter:image\" content=\"https:\/\/seadreamers.gr\/wp-content\/uploads\/2024\/05\/C0066.00_04_19_18.Still009.jpg\" \/>\n\t\t<script type=\"application\/ld+json\" class=\"aioseo-schema\">\n\t\t\t{\"@context\":\"https:\\\/\\\/schema.org\",\"@graph\":[{\"@type\":\"BreadcrumbList\",\"@id\":\"https:\\\/\\\/seadreamers.gr\\\/es\\\/payments-cancellation-policy\\\/#breadcrumblist\",\"itemListElement\":[{\"@type\":\"ListItem\",\"@id\":\"https:\\\/\\\/seadreamers.gr\\\/es#listItem\",\"position\":1,\"name\":\"Home\",\"item\":\"https:\\\/\\\/seadreamers.gr\\\/es\",\"nextItem\":{\"@type\":\"ListItem\",\"@id\":\"https:\\\/\\\/seadreamers.gr\\\/es\\\/payments-cancellation-policy\\\/#listItem\",\"name\":\"Payment &#038; Cancellation Policy\"}},{\"@type\":\"ListItem\",\"@id\":\"https:\\\/\\\/seadreamers.gr\\\/es\\\/payments-cancellation-policy\\\/#listItem\",\"position\":2,\"name\":\"Payment &#038; Cancellation Policy\",\"previousItem\":{\"@type\":\"ListItem\",\"@id\":\"https:\\\/\\\/seadreamers.gr\\\/es#listItem\",\"name\":\"Home\"}}]},{\"@type\":\"Organization\",\"@id\":\"https:\\\/\\\/seadreamers.gr\\\/es\\\/#organization\",\"name\":\"Seadreamers\",\"description\":\"Luxury Boat Rental\",\"url\":\"https:\\\/\\\/seadreamers.gr\\\/es\\\/\",\"telephone\":\"+306946545555\",\"logo\":{\"@type\":\"ImageObject\",\"url\":\"https:\\\/\\\/seadreamers.gr\\\/wp-content\\\/uploads\\\/2023\\\/05\\\/seadreamers-logo-transparent-wide.png\",\"@id\":\"https:\\\/\\\/seadreamers.gr\\\/es\\\/payments-cancellation-policy\\\/#organizationLogo\",\"width\":350,\"height\":70},\"image\":{\"@id\":\"https:\\\/\\\/seadreamers.gr\\\/es\\\/payments-cancellation-policy\\\/#organizationLogo\"},\"sameAs\":[\"https:\\\/\\\/www.facebook.com\\\/seadreamers.gr\",\"https:\\\/\\\/www.instagram.com\\\/seadreamers.gr\\\/\",\"https:\\\/\\\/www.youtube.com\\\/channel\\\/UCeqX8F65z7TxcemabGLSLyg\"]},{\"@type\":\"WebPage\",\"@id\":\"https:\\\/\\\/seadreamers.gr\\\/es\\\/payments-cancellation-policy\\\/#webpage\",\"url\":\"https:\\\/\\\/seadreamers.gr\\\/es\\\/payments-cancellation-policy\\\/\",\"name\":\"Payment and Cancellation Policy | SeaDreamers\",\"description\":\"Transparent booking terms for SeaDreamers boat tours. Deposit requirements, cancellation windows, and refund details -- all clearly explained.\",\"inLanguage\":\"es-ES\",\"isPartOf\":{\"@id\":\"https:\\\/\\\/seadreamers.gr\\\/es\\\/#website\"},\"breadcrumb\":{\"@id\":\"https:\\\/\\\/seadreamers.gr\\\/es\\\/payments-cancellation-policy\\\/#breadcrumblist\"},\"datePublished\":\"2023-07-03T14:00:31+03:00\",\"dateModified\":\"2026-03-13T12:35:32+02:00\"},{\"@type\":\"WebSite\",\"@id\":\"https:\\\/\\\/seadreamers.gr\\\/es\\\/#website\",\"url\":\"https:\\\/\\\/seadreamers.gr\\\/es\\\/\",\"name\":\"Seadreamers\",\"description\":\"Luxury Boat Rental\",\"inLanguage\":\"es-ES\",\"publisher\":{\"@id\":\"https:\\\/\\\/seadreamers.gr\\\/es\\\/#organization\"}}]}\n\t\t<\/script>\n\t\t<!-- All in One SEO Pro -->\r\n\t\t<title>Payment and Cancellation Policy | SeaDreamers<\/title>\n\n","aioseo_head_json":{"title":"Payment and Cancellation Policy | SeaDreamers","description":"Transparent booking terms for SeaDreamers boat tours. Deposit requirements, cancellation windows, and refund details -- all clearly explained.","canonical_url":"https:\/\/seadreamers.gr\/es\/payments-cancellation-policy\/","robots":"max-image-preview:large","keywords":"","webmasterTools":{"google-site-verification":"4FOEztazX8qyyEzppzlQqn-ZaZID3EDsMdiT8wAzjuw","miscellaneous":""},"schema":{"@context":"https:\/\/schema.org","@graph":[{"@type":"BreadcrumbList","@id":"https:\/\/seadreamers.gr\/es\/payments-cancellation-policy\/#breadcrumblist","itemListElement":[{"@type":"ListItem","@id":"https:\/\/seadreamers.gr\/es#listItem","position":1,"name":"Home","item":"https:\/\/seadreamers.gr\/es","nextItem":{"@type":"ListItem","@id":"https:\/\/seadreamers.gr\/es\/payments-cancellation-policy\/#listItem","name":"Payment &#038; Cancellation Policy"}},{"@type":"ListItem","@id":"https:\/\/seadreamers.gr\/es\/payments-cancellation-policy\/#listItem","position":2,"name":"Payment &#038; Cancellation Policy","previousItem":{"@type":"ListItem","@id":"https:\/\/seadreamers.gr\/es#listItem","name":"Home"}}]},{"@type":"Organization","@id":"https:\/\/seadreamers.gr\/es\/#organization","name":"Seadreamers","description":"Luxury Boat Rental","url":"https:\/\/seadreamers.gr\/es\/","telephone":"+306946545555","logo":{"@type":"ImageObject","url":"https:\/\/seadreamers.gr\/wp-content\/uploads\/2023\/05\/seadreamers-logo-transparent-wide.png","@id":"https:\/\/seadreamers.gr\/es\/payments-cancellation-policy\/#organizationLogo","width":350,"height":70},"image":{"@id":"https:\/\/seadreamers.gr\/es\/payments-cancellation-policy\/#organizationLogo"},"sameAs":["https:\/\/www.facebook.com\/seadreamers.gr","https:\/\/www.instagram.com\/seadreamers.gr\/","https:\/\/www.youtube.com\/channel\/UCeqX8F65z7TxcemabGLSLyg"]},{"@type":"WebPage","@id":"https:\/\/seadreamers.gr\/es\/payments-cancellation-policy\/#webpage","url":"https:\/\/seadreamers.gr\/es\/payments-cancellation-policy\/","name":"Payment and Cancellation Policy | SeaDreamers","description":"Transparent booking terms for SeaDreamers boat tours. Deposit requirements, cancellation windows, and refund details -- all clearly explained.","inLanguage":"es-ES","isPartOf":{"@id":"https:\/\/seadreamers.gr\/es\/#website"},"breadcrumb":{"@id":"https:\/\/seadreamers.gr\/es\/payments-cancellation-policy\/#breadcrumblist"},"datePublished":"2023-07-03T14:00:31+03:00","dateModified":"2026-03-13T12:35:32+02:00"},{"@type":"WebSite","@id":"https:\/\/seadreamers.gr\/es\/#website","url":"https:\/\/seadreamers.gr\/es\/","name":"Seadreamers","description":"Luxury Boat Rental","inLanguage":"es-ES","publisher":{"@id":"https:\/\/seadreamers.gr\/es\/#organization"}}]},"og:locale":"es_ES","og:site_name":"Seadreamers - Luxury Boat Rental","og:type":"article","og:title":"Payment and Cancellation Policy | SeaDreamers","og:description":"Transparent booking terms for SeaDreamers boat tours. Deposit requirements, cancellation windows, and refund details -- all clearly explained.","og:url":"https:\/\/seadreamers.gr\/es\/payments-cancellation-policy\/","og:image":"https:\/\/seadreamers.gr\/wp-content\/uploads\/2024\/05\/C0066.00_04_19_18.Still009.jpg","og:image:secure_url":"https:\/\/seadreamers.gr\/wp-content\/uploads\/2024\/05\/C0066.00_04_19_18.Still009.jpg","og:image:width":1920,"og:image:height":1080,"article:published_time":"2023-07-03T11:00:31+00:00","article:modified_time":"2026-03-13T10:35:32+00:00","article:publisher":"https:\/\/www.facebook.com\/seadreamers.gr","twitter:card":"summary_large_image","twitter:title":"Payment and Cancellation Policy | SeaDreamers","twitter:description":"Transparent booking terms for SeaDreamers boat tours. Deposit requirements, cancellation windows, and refund details -- all clearly explained.","twitter:image":"https:\/\/seadreamers.gr\/wp-content\/uploads\/2024\/05\/C0066.00_04_19_18.Still009.jpg"},"aioseo_meta_data":{"post_id":"91","title":"Payment and Cancellation Policy | SeaDreamers","description":"Transparent booking terms for SeaDreamers boat tours. Deposit requirements, cancellation windows, and refund details -- all clearly explained.","keywords":null,"keyphrases":{"focus":{"keyphrase":"Payment & Cancellation Policy","score":58,"analysis":{"keyphraseInTitle":{"score":9,"maxScore":9,"error":0},"keyphraseInDescription":{"score":9,"maxScore":9,"error":0},"keyphraseLength":{"score":9,"maxScore":9,"error":0,"length":3},"keyphraseInURL":{"score":1,"maxScore":5,"error":1},"keyphraseInIntroduction":{"score":3,"maxScore":9,"error":1},"keyphraseInSubHeadings":{"score":3,"maxScore":9,"error":1},"keyphraseInImageAlt":[],"keywordDensity":{"score":0,"type":"low","maxScore":9,"error":1}}},"additional":[]},"primary_term":null,"canonical_url":null,"og_title":null,"og_description":null,"og_object_type":"default","og_image_type":"default","og_image_url":null,"og_image_width":null,"og_image_height":null,"og_image_custom_url":null,"og_image_custom_fields":null,"og_video":"","og_custom_url":null,"og_article_section":null,"og_article_tags":null,"twitter_use_og":false,"twitter_card":"default","twitter_image_type":"default","twitter_image_url":null,"twitter_image_custom_url":null,"twitter_image_custom_fields":null,"twitter_title":null,"twitter_description":null,"schema":{"blockGraphs":[],"customGraphs":[],"default":{"data":{"Article":[],"Course":[],"Dataset":[],"FAQPage":[],"Movie":[],"Person":[],"Product":[],"ProductReview":[],"Car":[],"Recipe":[],"Service":[],"SoftwareApplication":[],"WebPage":[]},"graphName":"WebPage","isEnabled":true},"graphs":[]},"schema_type":"default","schema_type_options":null,"pillar_content":false,"robots_default":true,"robots_noindex":false,"robots_noarchive":false,"robots_nosnippet":false,"robots_nofollow":false,"robots_noimageindex":false,"robots_noodp":false,"robots_notranslate":false,"robots_max_snippet":"-1","robots_max_videopreview":"-1","robots_max_imagepreview":"large","priority":null,"frequency":"default","local_seo":null,"seo_analyzer_scan_date":"2026-03-13 11:12:56","breadcrumb_settings":null,"limit_modified_date":false,"open_ai":"{\"title\":{\"suggestions\":[],\"usage\":0},\"description\":{\"suggestions\":[],\"usage\":0}}","ai":{"faqs":[],"keyPoints":[],"titles":[],"descriptions":[],"socialPosts":{"email":[],"linkedin":[],"twitter":[],"facebook":[],"instagram":[]}},"created":"2025-06-14 09:47:12","updated":"2026-03-13 11:19:03"},"aioseo_breadcrumb":"<div class=\"aioseo-breadcrumbs\"><span class=\"aioseo-breadcrumb\">\n\t<a href=\"https:\/\/seadreamers.gr\/es\" title=\"Home\">Home<\/a>\n<\/span><span class=\"aioseo-breadcrumb-separator\">&raquo;<\/span><span class=\"aioseo-breadcrumb\">\n\tPayment &amp; Cancellation Policy\n<\/span><\/div>","aioseo_breadcrumb_json":[{"label":"Home","link":"https:\/\/seadreamers.gr\/es"},{"label":"Payment &#038; Cancellation Policy","link":"https:\/\/seadreamers.gr\/es\/payments-cancellation-policy\/"}],"_links":{"self":[{"href":"https:\/\/seadreamers.gr\/es\/wp-json\/wp\/v2\/pages\/91","targetHints":{"allow":["GET"]}}],"collection":[{"href":"https:\/\/seadreamers.gr\/es\/wp-json\/wp\/v2\/pages"}],"about":[{"href":"https:\/\/seadreamers.gr\/es\/wp-json\/wp\/v2\/types\/page"}],"author":[{"embeddable":true,"href":"https:\/\/seadreamers.gr\/es\/wp-json\/wp\/v2\/users\/1"}],"replies":[{"embeddable":true,"href":"https:\/\/seadreamers.gr\/es\/wp-json\/wp\/v2\/comments?post=91"}],"version-history":[{"count":13,"href":"https:\/\/seadreamers.gr\/es\/wp-json\/wp\/v2\/pages\/91\/revisions"}],"predecessor-version":[{"id":3862,"href":"https:\/\/seadreamers.gr\/es\/wp-json\/wp\/v2\/pages\/91\/revisions\/3862"}],"wp:attachment":[{"href":"https:\/\/seadreamers.gr\/es\/wp-json\/wp\/v2\/media?parent=91"}],"curies":[{"name":"wp","href":"https:\/\/api.w.org\/{rel}","templated":true}]}}