{"id":3,"date":"2022-10-27T11:23:02","date_gmt":"2022-10-27T11:23:02","guid":{"rendered":"https:\/\/seadreamers.gr\/?page_id=3"},"modified":"2025-06-17T09:20:30","modified_gmt":"2025-06-17T06:20:30","slug":"politica-de-privacidad","status":"publish","type":"page","link":"https:\/\/seadreamers.gr\/es\/privacy-policy\/","title":{"rendered":"Pol\u00edtica de privacidad"},"content":{"rendered":"<h2 class=\"wp-block-heading\">Qui\u00e9nes somos<\/h2>\n\n\n\n<p>La direcci\u00f3n de la p\u00e1gina es: https:\/\/seadreamers.gr.<\/p>\n\n\n\n<h2 class=\"wp-block-heading\">Principios de privacidad seadreamers.gr<\/h2>\n\n\n\n<p>En seadreamers.gr, deseando proteger su privacidad cuando navega por nuestro sitio web, le informamos de los principios b\u00e1sicos que rigen nuestro enfoque:<\/p>\n\n\n\n<p>A. Respetando la confianza que nos demuestra, queremos asegurarle que utilizamos la informaci\u00f3n personal que nos proporciona de manera justa y digna de su confianza.<\/p>\n\n\n\n<p>B. Le informamos claramente sobre c\u00f3mo utilizamos su informaci\u00f3n personal. Siempre somos sinceros con usted sobre el tipo de informaci\u00f3n que recopilamos, lo que hacemos con ella, con qui\u00e9n la compartimos y con qui\u00e9n debe ponerse en contacto si tiene alguna duda.<\/p>\n\n\n\n<p>C. Tomamos todas las medidas razonables para proteger su informaci\u00f3n contra el uso indebido y mantenerla segura.<\/p>\n\n\n\n<p>D. Nuestra pol\u00edtica se ajusta a la legislaci\u00f3n vigente en materia de protecci\u00f3n de datos. En caso de laguna en la protecci\u00f3n de datos, actuamos de acuerdo con los principios generalmente aceptados que rigen la protecci\u00f3n de datos.<\/p>\n\n\n\n<h2 class=\"wp-block-heading\">Su consentimiento<\/h2>\n\n\n\n<p>Al utilizar el sitio web seadreamers.gr, usted da su consentimiento para la recogida, uso y divulgaci\u00f3n de su informaci\u00f3n personal de acuerdo con las disposiciones de esta Declaraci\u00f3n de Privacidad. Si no est\u00e1 de acuerdo con la recopilaci\u00f3n, el uso y la divulgaci\u00f3n de su informaci\u00f3n personal de este modo, no utilice seadreamers.gr ni proporcione su informaci\u00f3n personal de ning\u00fan otro modo.<\/p>\n\n\n\n<p>seadreamers.gr recoger\u00e1 o utilizar\u00e1 su informaci\u00f3n personal s\u00f3lo cuando pueda hacerlo de forma legal y justa. Por lo general, le pedimos su consentimiento expl\u00edcito, pero en algunos casos, se considerar\u00e1 que su consentimiento se basa en sus acciones y comportamiento (al enviar el correo electr\u00f3nico y confirmar su suscripci\u00f3n a nuestro bolet\u00edn mediante un mecanismo de doble opt-in).<\/p>\n\n\n\n<p>Es posible que se le solicite un consentimiento adicional si vamos a utilizar sus datos personales para fines no contemplados en la presente declaraci\u00f3n. No est\u00e1 obligado a dar su consentimiento. Si da un consentimiento adicional, los t\u00e9rminos de este consentimiento prevalecer\u00e1n en caso de conflicto con los t\u00e9rminos de esta Declaraci\u00f3n de Privacidad.<\/p>\n\n\n\n<h2 class=\"wp-block-heading\">Qu\u00e9 datos personales recogemos y por qu\u00e9<\/h2>\n\n\n\n<h3 class=\"wp-block-heading\">Comentarios<\/h3>\n\n\n\n<p>Cuando los visitantes dejan comentarios en el sitio, recogemos los datos que aparecen en el formulario de comentarios, as\u00ed como la direcci\u00f3n IP del visitante y la cadena de usuario del navegador para ayudar a detectar mensajes no deseados.<\/p>\n\n\n\n<p>El complemento que utilizamos es Akismet, que recopila lo siguiente:<\/p>\n\n\n\n<p>\"Recopilamos informaci\u00f3n sobre los visitantes que comentan en sitios que utilizan el servicio antispam Akismet. La informaci\u00f3n que recopilamos depende de c\u00f3mo el usuario configura Akismet para el sitio, pero normalmente incluye la direcci\u00f3n IP del comentarista, el agente de usuario, la direcci\u00f3n de referencia y la direcci\u00f3n del sitio (junto con otra informaci\u00f3n proporcionada directamente por el comentarista, como el nombre, la direcci\u00f3n y el propio comentario). \"<\/p>\n\n\n\n<h3 class=\"wp-block-heading\">Multimedia<\/h3>\n\n\n\n<p>Si subes im\u00e1genes al sitio, debes evitar subir im\u00e1genes con datos de localizaci\u00f3n incrustados (EXIF GPS). Los visitantes del sitio web pueden descargar y exportar cualquier dato de localizaci\u00f3n de las im\u00e1genes del sitio.<\/p>\n\n\n\n<h3 class=\"wp-block-heading\">Formularios de contacto<\/h3>\n\n\n\n<p>Cuando <a href=\"https:\/\/seadreamers.gr\/es\/pongase-en-contacto-con\/\" title=\"\">p\u00f3ngase en contacto con<\/a> nosotros a trav\u00e9s del formulario de contacto, conservamos los datos durante un determinado periodo de tiempo con el \u00fanico fin de atenderle. En ning\u00fan caso utilizamos la informaci\u00f3n enviada al formulario con fines lucrativos ni la promocionamos a terceros.<\/p>\n\n\n\n<h3 class=\"wp-block-heading\">Cookies<\/h3>\n\n\n\n<p>Si deja un comentario en nuestro sitio, puede elegir guardar su nombre, direcci\u00f3n de correo electr\u00f3nico y sitio en cookies. Esto es para su comodidad, para que no tenga que rellenar sus datos de nuevo al dejar otro comentario. Estas cookies durar\u00e1n un a\u00f1o.<\/p>\n\n\n\n<p>Si tiene una cuenta e inicia sesi\u00f3n en el sitio, crearemos un borrador de cookie para determinar si el navegador acepta cookies. La cookie no contiene informaci\u00f3n personal y se elimina al cerrar el navegador.<\/p>\n\n\n\n<p>Cuando inicie sesi\u00f3n, tambi\u00e9n crearemos varias cookies para almacenar su informaci\u00f3n de inicio de sesi\u00f3n y sus opciones de visualizaci\u00f3n. Las cookies de entrada duran dos d\u00edas y las de pantalla, un a\u00f1o. Si selecciona \"Recordarme\", su conexi\u00f3n durar\u00e1 dos semanas. Si cierra la sesi\u00f3n de su cuenta, se eliminar\u00e1n las cookies de inicio de sesi\u00f3n.<\/p>\n\n\n\n<p>Si edita o publica un art\u00edculo, se guardar\u00e1 una cookie adicional en su navegador. Esta cookie no contiene datos personales y s\u00f3lo indica el ID de publicaci\u00f3n del art\u00edculo que acaba de editar. Caduca al cabo de 1 d\u00eda.<\/p>\n\n\n\n<h3 class=\"wp-block-heading\">Contenido incrustado de otros sitios<\/h3>\n\n\n\n<p>Los art\u00edculos de este sitio pueden contener contenidos incrustados (por ejemplo, v\u00eddeos, im\u00e1genes, art\u00edculos, etc.). El contenido incrustado de otros sitios se comporta exactamente igual que si el visitante visitara el otro sitio.<\/p>\n\n\n\n<h3 class=\"wp-block-heading\">Informaci\u00f3n detallada<\/h3>\n\n\n\n<p>Nosotros (y terceros proveedores de servicios que act\u00faan en nuestro nombre, como Google) utilizamos cookies y otras herramientas (como herramientas de an\u00e1lisis web) para recopilar autom\u00e1ticamente informaci\u00f3n sobre usted cuando utiliza el sitio web seadreamers.gr, de conformidad con los t\u00e9rminos de esta Declaraci\u00f3n de Privacidad y las leyes y reglamentos aplicables. Los tipos de informaci\u00f3n que se recogen autom\u00e1ticamente pueden incluir:<\/p>\n\n\n\n<ul class=\"wp-block-list\">\n<li>informaci\u00f3n sobre el tipo de procesador (navegador) que est\u00e1 utilizando<\/li>\n\n\n\n<li>detalles sobre los sitios web que ha visto<\/li>\n\n\n\n<li>su direcci\u00f3n IP<\/li>\n\n\n\n<li>hiperv\u00ednculos en los que ha hecho clic<\/li>\n\n\n\n<li>su nombre de usuario, foto de perfil, sexo, redes y cualquier otra informaci\u00f3n que decida compartir al utilizar sitios web de terceros (como cuando utiliza la funci\u00f3n \"Me gusta\" de Facebook)<\/li>\n\n\n\n<li>sitios web que visit\u00f3 antes de llegar al sitio web seadreamers.gr<\/li>\n\n\n\n<li>(en total, \"Informaci\u00f3n procedente del uso del sitio web\").<\/li>\n<\/ul>\n\n\n\n<p>La mayor\u00eda de los navegadores web se crearon originalmente para aceptar cookies. Puede cambiar la configuraci\u00f3n para bloquear las cookies o notificar cuando se env\u00edan cookies a su dispositivo.<\/p>\n\n\n\n<p>Si utilizas distintos navegadores o varios dispositivos, es posible que tengas que cambiar la configuraci\u00f3n de cada navegador en cada dispositivo.<\/p>\n\n\n\n<p>Sin embargo, tenga en cuenta que si desactiva las cookies, esto puede afectar a su navegaci\u00f3n por seadreamers.gr.<\/p>\n\n\n\n<h3 class=\"wp-block-heading\">Informaci\u00f3n recogida de otras fuentes<\/h3>\n\n\n\n<p>Podemos recibir informaci\u00f3n personal sobre usted de otras fuentes leg\u00edtimas, incluida informaci\u00f3n de fuentes disponibles comercialmente, como recopiladores de datos y recopiladores de informaci\u00f3n de terceros. Los tipos de informaci\u00f3n personal que podemos recopilar de estas fuentes incluyen:<\/p>\n\n\n\n<ul class=\"wp-block-list\">\n<li>nombre<\/li>\n\n\n\n<li>direcci\u00f3n postal<\/li>\n\n\n\n<li>edad<\/li>\n\n\n\n<li>h\u00e1bitos de compra<\/li>\n\n\n\n<li>preferencias e informaci\u00f3n sobre su estilo de vida, como sus aficiones e intereses<\/li>\n\n\n\n<li>informaci\u00f3n disponible p\u00fablicamente, como contenidos generados por los usuarios, blogs personales y entradas, si la ley lo permite<\/li>\n<\/ul>\n\n\n\n<h3 class=\"wp-block-heading\">Publicidad en l\u00ednea<\/h3>\n\n\n\n<p>Podemos compartir informaci\u00f3n procedente del uso del Sitio Web con terceros de confianza (por ejemplo, empresas de publicidad, redes publicitarias, etc.) con el fin de ofrecerle contenidos personalizados, incluidos productos y servicios publicitarios que puedan interesarle.<\/p>\n\n\n\n<p>Estos terceros pueden definir y acceder a sus propias cookies, y a otras tecnolog\u00edas de seguimiento similares en su dispositivo, para que podamos ofrecerle material y anuncios personalizados cuando visite el sitio web seadreamers.gr.<\/p>\n\n\n\n<p>Dependiendo de su ubicaci\u00f3n, puede haber soluciones que le ayuden a controlar sus preferencias en Internet (como el hecho de que terceros puedan recopilar y utilizar su informaci\u00f3n personal con fines de publicidad dirigida).<\/p>\n\n\n\n<p>En Europa, por ejemplo, www.youronlinechoices.com le permite elegir qu\u00e9 empresas pueden ofrecerle anuncios personalizados, mientras que en Estados Unidos puede utilizar la herramienta Opt-Out de la Network Advertising Initiative y la herramienta Opt-Out de la Digital Advertising Alliance .<\/p>\n\n\n\n<h2 class=\"wp-block-heading\">\u00bfCu\u00e1nto tiempo conservamos sus datos?<\/h2>\n\n\n\n<p>Si deja un comentario, el comentario y sus metadatos se guardan. Esto se hace para que podamos reconocer y aprobar autom\u00e1ticamente los comentarios que siguen, en lugar de mantenerlos en l\u00ednea.<\/p>\n\n\n\n<p>En el caso de los usuarios que se registran en nuestro sitio, tambi\u00e9n almacenamos los datos personales que introducen en su perfil de usuario. Todos los usuarios pueden ver, editar o borrar sus datos personales en cualquier momento (excepto para poder cambiar su nombre de usuario). Los administradores de este sitio tambi\u00e9n pueden ver y procesar esta informaci\u00f3n.<\/p>\n\n\n\n<p>Conservamos las entradas del formulario de contacto durante seis meses, las m\u00e9tricas de tr\u00e1fico durante un a\u00f1o y los registros de clientes durante diez a\u00f1os.<\/p>\n\n\n\n<h2 class=\"wp-block-heading\">\u00bfQu\u00e9 derechos tiene sobre sus datos?<\/h2>\n\n\n\n<p>Si tiene una cuenta en este sitio o ha dejado comentarios, puede solicitar la obtenci\u00f3n de un archivo exportado de los datos personales que tenemos sobre usted, incluida cualquier informaci\u00f3n que nos haya facilitado.<\/p>\n\n\n\n<p>Tambi\u00e9n puede solicitar que eliminemos los datos personales que tenemos sobre usted. Esto no incluye los datos que debamos conservar por motivos administrativos, legales o de seguridad.<\/p>\n\n\n\n<h3 class=\"wp-block-heading\">D\u00f3nde se enviar\u00e1n sus datos<\/h3>\n\n\n\n<p>Las opiniones de los hu\u00e9spedes pueden controlarse a trav\u00e9s de un sistema automatizado de correo basura.<\/p>\n\n\n\n<h3 class=\"wp-block-heading\">Sus derechos de privacidad y a qui\u00e9n dirigirse<\/h3>\n\n\n\n<p>Si tiene alguna pregunta, comentario o duda sobre c\u00f3mo tratamos su informaci\u00f3n personal, puede ponerse en contacto con nosotros haciendo clic en el enlace de contacto situado en la parte inferior del sitio web seadreamers.gr.<\/p>\n\n\n\n<p>Tambi\u00e9n puede hacerlo a trav\u00e9s del enlace correspondiente en cada bolet\u00edn electr\u00f3nico, si se ha suscrito a \u00e9l con su consentimiento expl\u00edcito.<\/p>\n\n\n\n<p>Tiene derecho a decirnos si:<\/p>\n\n\n\n<ul class=\"wp-block-list\">\n<li>No desea que nos pongamos en contacto con usted en el futuro<\/li>\n\n\n\n<li>Desea una copia de la informaci\u00f3n personal que conservamos<\/li>\n\n\n\n<li>Desea corregir, actualizar o eliminar sus datos personales de nuestro archivo<\/li>\n\n\n\n<li>Desea denunciar cualquier uso indebido de sus datos personales<\/li>\n\n\n\n<li>Para ayudarnos a satisfacer sus peticiones, facil\u00edtenos su nombre y datos.<\/li>\n<\/ul>\n\n\n\n<h3 class=\"wp-block-heading\">C\u00f3mo protegemos sus datos<\/h3>\n\n\n\n<p>Hemos tomado medidas para proteger sus datos personales. Cifrado de los datos que introduces mediante protocolo ssl comodo, as\u00ed como medidas de seguridad como la autenticaci\u00f3n de dos factores.<\/p>\n\n\n\n<h3 class=\"wp-block-heading\">\u00bfQu\u00e9 procedimientos hemos adoptado en caso de violaci\u00f3n de datos?<\/h3>\n\n\n\n<p>En caso de violaci\u00f3n potencial o real de los datos, disponemos de mecanismos internos de informaci\u00f3n y se le notificar\u00e1 inmediatamente cualquier problema.<\/p>\n\n\n\n<h2 class=\"wp-block-heading\">Cambios en la declaraci\u00f3n de confidencialidad<\/h2>\n\n\n\n<p>Podemos cambiar esta Declaraci\u00f3n de Privacidad de vez en cuando publicando una versi\u00f3n actualizada de la misma en el sitio web seadreamers.gr.<\/p>\n\n\n\n<p>Por nuestra parte, le avisaremos con una antelaci\u00f3n razonable de cualquier cambio sustancial. Le recomendamos que los visite con frecuencia para mantenerse informado sobre c\u00f3mo utilizamos su informaci\u00f3n personal.<\/p>","protected":false},"excerpt":{"rendered":"<p>Who we are The address of the page is: https:\/\/seadreamers.gr. Privacy principles seadreamers.gr At seadreamers.gr, wanting to protect your privacy when you browse our website, &#8230; <a title=\"Pol\u00edtica de privacidad\" class=\"read-more\" href=\"https:\/\/seadreamers.gr\/es\/privacy-policy\/\" aria-label=\"Leer m\u00e1s sobre Privacy Policy\">Leer m\u00e1s<\/a><\/p>","protected":false},"author":1,"featured_media":0,"parent":0,"menu_order":0,"comment_status":"closed","ping_status":"open","template":"","meta":{"_nectar_blocks_hide_post_title":false,"_nectar_blocks_transparent_header_effect":false,"_nectar_blocks_transparent_header_effect_color":"light","_nectar_blocks_header_animation":false,"_nectar_blocks_header_animation_delay":0,"_nectar_blocks_header_animation_effect":"fade","_nectar_blocks_page_css":"","_nectar_blocks_page_js":"","footnotes":""},"class_list":["post-3","page","type-page","status-publish"],"aioseo_notices":[],"aioseo_head":"\n\t\t<!-- All in One SEO Pro 4.9.5.2 - aioseo.com -->\n\t<meta name=\"description\" content=\"How SeaDreamers collects, uses, and protects your personal data when you browse our site or book a boat tour in Corfu.\" \/>\n\t<meta name=\"robots\" content=\"max-image-preview:large\" \/>\n\t<meta name=\"google-site-verification\" content=\"4FOEztazX8qyyEzppzlQqn-ZaZID3EDsMdiT8wAzjuw\" \/>\n\t<link rel=\"canonical\" href=\"https:\/\/seadreamers.gr\/es\/privacy-policy\/\" \/>\n\t<meta name=\"generator\" content=\"All in One SEO Pro (AIOSEO) 4.9.5.2\" \/>\n\t\t<meta property=\"og:locale\" content=\"es_ES\" \/>\n\t\t<meta property=\"og:site_name\" content=\"Seadreamers - Luxury Boat Rental\" \/>\n\t\t<meta property=\"og:type\" content=\"article\" \/>\n\t\t<meta property=\"og:title\" content=\"Privacy Policy | SeaDreamers\" \/>\n\t\t<meta property=\"og:description\" content=\"How SeaDreamers collects, uses, and protects your personal data when you browse our site or book a boat tour in Corfu.\" \/>\n\t\t<meta property=\"og:url\" content=\"https:\/\/seadreamers.gr\/es\/privacy-policy\/\" \/>\n\t\t<meta property=\"og:image\" content=\"https:\/\/seadreamers.gr\/wp-content\/uploads\/2024\/05\/C0066.00_04_19_18.Still009.jpg\" \/>\n\t\t<meta property=\"og:image:secure_url\" content=\"https:\/\/seadreamers.gr\/wp-content\/uploads\/2024\/05\/C0066.00_04_19_18.Still009.jpg\" \/>\n\t\t<meta property=\"og:image:width\" content=\"1920\" \/>\n\t\t<meta property=\"og:image:height\" content=\"1080\" \/>\n\t\t<meta property=\"article:published_time\" content=\"2022-10-27T11:23:02+00:00\" \/>\n\t\t<meta property=\"article:modified_time\" content=\"2025-06-17T06:20:30+00:00\" \/>\n\t\t<meta property=\"article:publisher\" content=\"https:\/\/www.facebook.com\/seadreamers.gr\" \/>\n\t\t<meta name=\"twitter:card\" content=\"summary_large_image\" \/>\n\t\t<meta name=\"twitter:title\" content=\"Privacy Policy | SeaDreamers\" \/>\n\t\t<meta name=\"twitter:description\" content=\"How SeaDreamers collects, uses, and protects your personal data when you browse our site or book a boat tour in Corfu.\" \/>\n\t\t<meta name=\"twitter:image\" content=\"https:\/\/seadreamers.gr\/wp-content\/uploads\/2024\/05\/C0066.00_04_19_18.Still009.jpg\" \/>\n\t\t<script type=\"application\/ld+json\" class=\"aioseo-schema\">\n\t\t\t{\"@context\":\"https:\\\/\\\/schema.org\",\"@graph\":[{\"@type\":\"BreadcrumbList\",\"@id\":\"https:\\\/\\\/seadreamers.gr\\\/es\\\/privacy-policy\\\/#breadcrumblist\",\"itemListElement\":[{\"@type\":\"ListItem\",\"@id\":\"https:\\\/\\\/seadreamers.gr\\\/es#listItem\",\"position\":1,\"name\":\"Home\",\"item\":\"https:\\\/\\\/seadreamers.gr\\\/es\",\"nextItem\":{\"@type\":\"ListItem\",\"@id\":\"https:\\\/\\\/seadreamers.gr\\\/es\\\/privacy-policy\\\/#listItem\",\"name\":\"Privacy Policy\"}},{\"@type\":\"ListItem\",\"@id\":\"https:\\\/\\\/seadreamers.gr\\\/es\\\/privacy-policy\\\/#listItem\",\"position\":2,\"name\":\"Privacy Policy\",\"previousItem\":{\"@type\":\"ListItem\",\"@id\":\"https:\\\/\\\/seadreamers.gr\\\/es#listItem\",\"name\":\"Home\"}}]},{\"@type\":\"Organization\",\"@id\":\"https:\\\/\\\/seadreamers.gr\\\/es\\\/#organization\",\"name\":\"Seadreamers\",\"description\":\"Luxury Boat Rental\",\"url\":\"https:\\\/\\\/seadreamers.gr\\\/es\\\/\",\"telephone\":\"+306946545555\",\"logo\":{\"@type\":\"ImageObject\",\"url\":\"https:\\\/\\\/seadreamers.gr\\\/wp-content\\\/uploads\\\/2023\\\/05\\\/seadreamers-logo-transparent-wide.png\",\"@id\":\"https:\\\/\\\/seadreamers.gr\\\/es\\\/privacy-policy\\\/#organizationLogo\",\"width\":350,\"height\":70},\"image\":{\"@id\":\"https:\\\/\\\/seadreamers.gr\\\/es\\\/privacy-policy\\\/#organizationLogo\"},\"sameAs\":[\"https:\\\/\\\/www.facebook.com\\\/seadreamers.gr\",\"https:\\\/\\\/www.instagram.com\\\/seadreamers.gr\\\/\",\"https:\\\/\\\/www.youtube.com\\\/channel\\\/UCeqX8F65z7TxcemabGLSLyg\"]},{\"@type\":\"WebPage\",\"@id\":\"https:\\\/\\\/seadreamers.gr\\\/es\\\/privacy-policy\\\/#webpage\",\"url\":\"https:\\\/\\\/seadreamers.gr\\\/es\\\/privacy-policy\\\/\",\"name\":\"Privacy Policy | SeaDreamers\",\"description\":\"How SeaDreamers collects, uses, and protects your personal data when you browse our site or book a boat tour in Corfu.\",\"inLanguage\":\"es-ES\",\"isPartOf\":{\"@id\":\"https:\\\/\\\/seadreamers.gr\\\/es\\\/#website\"},\"breadcrumb\":{\"@id\":\"https:\\\/\\\/seadreamers.gr\\\/es\\\/privacy-policy\\\/#breadcrumblist\"},\"datePublished\":\"2022-10-27T11:23:02+03:00\",\"dateModified\":\"2025-06-17T09:20:30+03:00\"},{\"@type\":\"WebSite\",\"@id\":\"https:\\\/\\\/seadreamers.gr\\\/es\\\/#website\",\"url\":\"https:\\\/\\\/seadreamers.gr\\\/es\\\/\",\"name\":\"Seadreamers\",\"description\":\"Luxury Boat Rental\",\"inLanguage\":\"es-ES\",\"publisher\":{\"@id\":\"https:\\\/\\\/seadreamers.gr\\\/es\\\/#organization\"}}]}\n\t\t<\/script>\n\t\t<!-- All in One SEO Pro -->\r\n\t\t<title>Privacy Policy | SeaDreamers<\/title>\n\n","aioseo_head_json":{"title":"Pol\u00edtica de Privacidad | SeaDreamers","description":"C\u00f3mo SeaDreamers recopila, utiliza y protege tus datos personales cuando navegas por nuestro sitio o reservas un tour en barco en Corf\u00fa.","canonical_url":"https:\/\/seadreamers.gr\/es\/privacy-policy\/","robots":"max-image-preview:large","keywords":"","webmasterTools":{"google-site-verification":"4FOEztazX8qyyEzppzlQqn-ZaZID3EDsMdiT8wAzjuw","miscellaneous":""},"schema":{"@context":"https:\/\/schema.org","@graph":[{"@type":"BreadcrumbList","@id":"https:\/\/seadreamers.gr\/es\/privacy-policy\/#breadcrumblist","itemListElement":[{"@type":"ListItem","@id":"https:\/\/seadreamers.gr\/es#listItem","position":1,"name":"Home","item":"https:\/\/seadreamers.gr\/es","nextItem":{"@type":"ListItem","@id":"https:\/\/seadreamers.gr\/es\/privacy-policy\/#listItem","name":"Privacy Policy"}},{"@type":"ListItem","@id":"https:\/\/seadreamers.gr\/es\/privacy-policy\/#listItem","position":2,"name":"Privacy Policy","previousItem":{"@type":"ListItem","@id":"https:\/\/seadreamers.gr\/es#listItem","name":"Home"}}]},{"@type":"Organization","@id":"https:\/\/seadreamers.gr\/es\/#organization","name":"Seadreamers","description":"Luxury Boat Rental","url":"https:\/\/seadreamers.gr\/es\/","telephone":"+306946545555","logo":{"@type":"ImageObject","url":"https:\/\/seadreamers.gr\/wp-content\/uploads\/2023\/05\/seadreamers-logo-transparent-wide.png","@id":"https:\/\/seadreamers.gr\/es\/privacy-policy\/#organizationLogo","width":350,"height":70},"image":{"@id":"https:\/\/seadreamers.gr\/es\/privacy-policy\/#organizationLogo"},"sameAs":["https:\/\/www.facebook.com\/seadreamers.gr","https:\/\/www.instagram.com\/seadreamers.gr\/","https:\/\/www.youtube.com\/channel\/UCeqX8F65z7TxcemabGLSLyg"]},{"@type":"WebPage","@id":"https:\/\/seadreamers.gr\/es\/privacy-policy\/#webpage","url":"https:\/\/seadreamers.gr\/es\/privacy-policy\/","name":"Privacy Policy | SeaDreamers","description":"How SeaDreamers collects, uses, and protects your personal data when you browse our site or book a boat tour in Corfu.","inLanguage":"es-ES","isPartOf":{"@id":"https:\/\/seadreamers.gr\/es\/#website"},"breadcrumb":{"@id":"https:\/\/seadreamers.gr\/es\/privacy-policy\/#breadcrumblist"},"datePublished":"2022-10-27T11:23:02+03:00","dateModified":"2025-06-17T09:20:30+03:00"},{"@type":"WebSite","@id":"https:\/\/seadreamers.gr\/es\/#website","url":"https:\/\/seadreamers.gr\/es\/","name":"Seadreamers","description":"Luxury Boat Rental","inLanguage":"es-ES","publisher":{"@id":"https:\/\/seadreamers.gr\/es\/#organization"}}]},"og:locale":"es_ES","og:site_name":"Seadreamers - Luxury Boat Rental","og:type":"article","og:title":"Privacy Policy | SeaDreamers","og:description":"How SeaDreamers collects, uses, and protects your personal data when you browse our site or book a boat tour in Corfu.","og:url":"https:\/\/seadreamers.gr\/es\/privacy-policy\/","og:image":"https:\/\/seadreamers.gr\/wp-content\/uploads\/2024\/05\/C0066.00_04_19_18.Still009.jpg","og:image:secure_url":"https:\/\/seadreamers.gr\/wp-content\/uploads\/2024\/05\/C0066.00_04_19_18.Still009.jpg","og:image:width":1920,"og:image:height":1080,"article:published_time":"2022-10-27T11:23:02+00:00","article:modified_time":"2025-06-17T06:20:30+00:00","article:publisher":"https:\/\/www.facebook.com\/seadreamers.gr","twitter:card":"summary_large_image","twitter:title":"Privacy Policy | SeaDreamers","twitter:description":"How SeaDreamers collects, uses, and protects your personal data when you browse our site or book a boat tour in Corfu.","twitter:image":"https:\/\/seadreamers.gr\/wp-content\/uploads\/2024\/05\/C0066.00_04_19_18.Still009.jpg"},"aioseo_meta_data":{"post_id":"3","title":"Pol\u00edtica de Privacidad | SeaDreamers","description":"C\u00f3mo SeaDreamers recopila, utiliza y protege tus datos personales cuando navegas por nuestro sitio o reservas un tour en barco en Corf\u00fa.","keywords":null,"keyphrases":{"focus":{"keyphrase":"","score":0,"analysis":{"keyphraseInTitle":{"score":0,"maxScore":9,"error":1}}},"additional":[]},"primary_term":null,"canonical_url":null,"og_title":null,"og_description":null,"og_object_type":"default","og_image_type":"default","og_image_url":null,"og_image_width":null,"og_image_height":null,"og_image_custom_url":null,"og_image_custom_fields":null,"og_video":"","og_custom_url":null,"og_article_section":null,"og_article_tags":null,"twitter_use_og":false,"twitter_card":"default","twitter_image_type":"default","twitter_image_url":null,"twitter_image_custom_url":null,"twitter_image_custom_fields":null,"twitter_title":null,"twitter_description":null,"schema":{"blockGraphs":[],"customGraphs":[],"default":{"data":{"Article":[],"Course":[],"Dataset":[],"FAQPage":[],"Movie":[],"Person":[],"Product":[],"ProductReview":[],"Car":[],"Recipe":[],"Service":[],"SoftwareApplication":[],"WebPage":[]},"graphName":"WebPage","isEnabled":true},"graphs":[]},"schema_type":"default","schema_type_options":null,"pillar_content":false,"robots_default":true,"robots_noindex":false,"robots_noarchive":false,"robots_nosnippet":false,"robots_nofollow":false,"robots_noimageindex":false,"robots_noodp":false,"robots_notranslate":false,"robots_max_snippet":"-1","robots_max_videopreview":"-1","robots_max_imagepreview":"large","priority":null,"frequency":"default","local_seo":null,"seo_analyzer_scan_date":"2025-08-22 13:09:18","breadcrumb_settings":null,"limit_modified_date":false,"open_ai":"{\"title\":{\"suggestions\":[],\"usage\":0},\"description\":{\"suggestions\":[],\"usage\":0}}","ai":null,"created":"2025-06-14 09:47:12","updated":"2025-11-17 10:02:19"},"aioseo_breadcrumb":"<div class=\"aioseo-breadcrumbs\"><span class=\"aioseo-breadcrumb\">\n\t<a href=\"https:\/\/seadreamers.gr\/es\" title=\"Home\">Home<\/a>\n<\/span><span class=\"aioseo-breadcrumb-separator\">&raquo;<\/span><span class=\"aioseo-breadcrumb\">\n\tPrivacy Policy\n<\/span><\/div>","aioseo_breadcrumb_json":[{"label":"Home","link":"https:\/\/seadreamers.gr\/es"},{"label":"Privacy Policy","link":"https:\/\/seadreamers.gr\/es\/privacy-policy\/"}],"_links":{"self":[{"href":"https:\/\/seadreamers.gr\/es\/wp-json\/wp\/v2\/pages\/3","targetHints":{"allow":["GET"]}}],"collection":[{"href":"https:\/\/seadreamers.gr\/es\/wp-json\/wp\/v2\/pages"}],"about":[{"href":"https:\/\/seadreamers.gr\/es\/wp-json\/wp\/v2\/types\/page"}],"author":[{"embeddable":true,"href":"https:\/\/seadreamers.gr\/es\/wp-json\/wp\/v2\/users\/1"}],"replies":[{"embeddable":true,"href":"https:\/\/seadreamers.gr\/es\/wp-json\/wp\/v2\/comments?post=3"}],"version-history":[{"count":0,"href":"https:\/\/seadreamers.gr\/es\/wp-json\/wp\/v2\/pages\/3\/revisions"}],"wp:attachment":[{"href":"https:\/\/seadreamers.gr\/es\/wp-json\/wp\/v2\/media?parent=3"}],"curies":[{"name":"wp","href":"https:\/\/api.w.org\/{rel}","templated":true}]}}