{"id":91,"date":"2023-07-03T14:00:31","date_gmt":"2023-07-03T11:00:31","guid":{"rendered":"https:\/\/flavor.wordifysites.com\/?page_id=91"},"modified":"2026-03-13T12:35:32","modified_gmt":"2026-03-13T10:35:32","slug":"stornierungsbedingungen-fur-zahlungen","status":"publish","type":"page","link":"https:\/\/seadreamers.gr\/de\/payments-cancellation-policy\/","title":{"rendered":"Zahlungsbedingungen und Stornierungsbedingungen"},"content":{"rendered":"<p id=\"block-zKFLe2UTOk\" class=\"wp-block-nectar-blocks-text nectar-blocks-text\">Eine Anzahlung von 50% (per Bank\u00fcberweisung oder \u00fcber einen sicheren Zahlungslink) ist erforderlich, um Ihre Reservierung zu best\u00e4tigen.<\/p>\n\n\n\n<p id=\"block-xT7UUQo0Ph\" class=\"wp-block-nectar-blocks-text nectar-blocks-text\">Der Restbetrag von 50% ist bei Ankunft an Bord f\u00e4llig.<\/p>\n\n\n\n<p id=\"block-v3b2f6u6Xm\" class=\"wp-block-nectar-blocks-text nectar-blocks-text\">Akzeptierte Zahlungsarten:<\/p>\n\n\n\n<p id=\"block-qUTTBO6Bsj\" class=\"wp-block-nectar-blocks-text nectar-blocks-text\">- Kreditkarte<br>- Debitkarte<\/p>\n\n\n\n<p id=\"block-9LQxON8IWs\" class=\"wp-block-nectar-blocks-text nectar-blocks-text\">Im Falle einer Stornierung durch den Charterer gelten die folgenden Bestimmungen:<\/p>\n\n\n\n<p id=\"block-GSl12MGp3f\" class=\"wp-block-nectar-blocks-text nectar-blocks-text\"><strong>1<\/strong>.Wenn die Buchung 5-15 Tage vor der Einschiffung storniert wird, wird dem Charterer eine Stornogeb\u00fchr in H\u00f6he von 30% des Charterpreises berechnet.<\/p>\n\n\n\n<p id=\"block-jbC96wfksk\" class=\"wp-block-nectar-blocks-text nectar-blocks-text\"><strong>2.<\/strong>Wenn die Buchung 5-2 Tage vor der Einschiffung storniert wird, wird dem Charterer eine Stornogeb\u00fchr in H\u00f6he von 50% des Charterpreises berechnet.<\/p>\n\n\n\n<p id=\"block-M7feTVRwAW\" class=\"wp-block-nectar-blocks-text nectar-blocks-text\"><strong>3.<\/strong>Wenn die Buchung 2-0 Tage vor der Einschiffung storniert wird, wird dem Charterer eine Stornogeb\u00fchr in H\u00f6he von 100% des Charterpreises berechnet.<\/p>\n\n\n\n<p id=\"block-17YCGsjjgZ\" class=\"wp-block-nectar-blocks-text nectar-blocks-text\">Sollte die Buchung aufgrund der Witterungsbedingungen storniert werden, gelten die folgenden Bedingungen:<br><br><strong>1.<\/strong>Dem Charterer k\u00f6nnen 100% zur\u00fcckerstattet werden.<br><strong>2.<\/strong>Der Charterer kann die Fahrt je nach Verf\u00fcgbarkeit des Bootes umplanen.<\/p>\n\n\n\n<h3 class=\"gb-headline gb-headline-d702c2b8 gb-headline-text\">Unerw\u00fcnschte Bedingungen<\/h3>\n\n\n\n<p id=\"block-ET64fjicNz\" class=\"wp-block-nectar-blocks-text nectar-blocks-text\">Wir wissen, dass unvorhergesehene Wetterbedingungen Ihre geplante Reise beeintr\u00e4chtigen k\u00f6nnen. Wenn wir aufgrund von schlechtem Wetter die Tour nicht durchf\u00fchren k\u00f6nnen, bieten wir Ihnen zwei M\u00f6glichkeiten an, die Sie nutzen k\u00f6nnen. Sie haben die Wahl:<\/p>\n\n\n\n<p id=\"block-cTvdduT5kc\" class=\"wp-block-nectar-blocks-text nectar-blocks-text\">Sie k\u00f6nnen Ihre Reise auch auf einen anderen Tag verschieben, der in Ihren Zeitplan passt, um Ihre Zufriedenheit zu gew\u00e4hrleisten und unter solchen Umst\u00e4nden flexibel zu sein.<\/p>\n\n\n\n<p id=\"block-LcmGFlfThR\" class=\"wp-block-nectar-blocks-text nectar-blocks-text\">Kontaktieren Sie uns unter\u00a0<a href=\"mailto:info@seadreamers.gr\" title=\"\">info@seadreamers.gr<\/a>\u00a0f\u00fcr Fragen im Zusammenhang mit Erstattungen und R\u00fcckgaben.<\/p>\n\n\n\n<p id=\"block-p3z28QqCOG\" class=\"wp-block-nectar-blocks-text nectar-blocks-text\"><\/p>","protected":false},"excerpt":{"rendered":"<p>Unerw\u00fcnschte Bedingungen<\/p>","protected":false},"author":1,"featured_media":0,"parent":0,"menu_order":0,"comment_status":"closed","ping_status":"closed","template":"","meta":{"_nectar_blocks_hide_post_title":false,"_nectar_blocks_transparent_header_effect":false,"_nectar_blocks_transparent_header_effect_color":"light","_nectar_blocks_header_animation":false,"_nectar_blocks_header_animation_delay":0,"_nectar_blocks_header_animation_effect":"fade","_nectar_blocks_page_css":"","_nectar_blocks_page_js":"","footnotes":""},"class_list":["post-91","page","type-page","status-publish"],"aioseo_notices":[],"aioseo_head":"\n\t\t<!-- All in One SEO Pro 4.9.5.2 - aioseo.com -->\n\t<meta name=\"description\" content=\"Transparent booking terms for SeaDreamers boat tours. Deposit requirements, cancellation windows, and refund details -- all clearly explained.\" \/>\n\t<meta name=\"robots\" content=\"max-image-preview:large\" \/>\n\t<meta name=\"google-site-verification\" content=\"4FOEztazX8qyyEzppzlQqn-ZaZID3EDsMdiT8wAzjuw\" \/>\n\t<link rel=\"canonical\" href=\"https:\/\/seadreamers.gr\/de\/payments-cancellation-policy\/\" \/>\n\t<meta name=\"generator\" content=\"All in One SEO Pro (AIOSEO) 4.9.5.2\" \/>\n\t\t<meta property=\"og:locale\" content=\"de_DE\" \/>\n\t\t<meta property=\"og:site_name\" content=\"Seadreamers - Luxury Boat Rental\" \/>\n\t\t<meta property=\"og:type\" content=\"article\" \/>\n\t\t<meta property=\"og:title\" content=\"Payment and Cancellation Policy | SeaDreamers\" \/>\n\t\t<meta property=\"og:description\" content=\"Transparent booking terms for SeaDreamers boat tours. Deposit requirements, cancellation windows, and refund details -- all clearly explained.\" \/>\n\t\t<meta property=\"og:url\" content=\"https:\/\/seadreamers.gr\/de\/payments-cancellation-policy\/\" \/>\n\t\t<meta property=\"og:image\" content=\"https:\/\/seadreamers.gr\/wp-content\/uploads\/2024\/05\/C0066.00_04_19_18.Still009.jpg\" \/>\n\t\t<meta property=\"og:image:secure_url\" content=\"https:\/\/seadreamers.gr\/wp-content\/uploads\/2024\/05\/C0066.00_04_19_18.Still009.jpg\" \/>\n\t\t<meta property=\"og:image:width\" content=\"1920\" \/>\n\t\t<meta property=\"og:image:height\" content=\"1080\" \/>\n\t\t<meta property=\"article:published_time\" content=\"2023-07-03T11:00:31+00:00\" \/>\n\t\t<meta property=\"article:modified_time\" content=\"2026-03-13T10:35:32+00:00\" \/>\n\t\t<meta property=\"article:publisher\" content=\"https:\/\/www.facebook.com\/seadreamers.gr\" \/>\n\t\t<meta name=\"twitter:card\" content=\"summary_large_image\" \/>\n\t\t<meta name=\"twitter:title\" content=\"Payment and Cancellation Policy | SeaDreamers\" \/>\n\t\t<meta name=\"twitter:description\" content=\"Transparent booking terms for SeaDreamers boat tours. Deposit requirements, cancellation windows, and refund details -- all clearly explained.\" \/>\n\t\t<meta name=\"twitter:image\" content=\"https:\/\/seadreamers.gr\/wp-content\/uploads\/2024\/05\/C0066.00_04_19_18.Still009.jpg\" \/>\n\t\t<script type=\"application\/ld+json\" class=\"aioseo-schema\">\n\t\t\t{\"@context\":\"https:\\\/\\\/schema.org\",\"@graph\":[{\"@type\":\"BreadcrumbList\",\"@id\":\"https:\\\/\\\/seadreamers.gr\\\/de\\\/payments-cancellation-policy\\\/#breadcrumblist\",\"itemListElement\":[{\"@type\":\"ListItem\",\"@id\":\"https:\\\/\\\/seadreamers.gr\\\/de#listItem\",\"position\":1,\"name\":\"Home\",\"item\":\"https:\\\/\\\/seadreamers.gr\\\/de\",\"nextItem\":{\"@type\":\"ListItem\",\"@id\":\"https:\\\/\\\/seadreamers.gr\\\/de\\\/payments-cancellation-policy\\\/#listItem\",\"name\":\"Payment &#038; Cancellation Policy\"}},{\"@type\":\"ListItem\",\"@id\":\"https:\\\/\\\/seadreamers.gr\\\/de\\\/payments-cancellation-policy\\\/#listItem\",\"position\":2,\"name\":\"Payment &#038; Cancellation Policy\",\"previousItem\":{\"@type\":\"ListItem\",\"@id\":\"https:\\\/\\\/seadreamers.gr\\\/de#listItem\",\"name\":\"Home\"}}]},{\"@type\":\"WebPage\",\"@id\":\"https:\\\/\\\/seadreamers.gr\\\/de\\\/payments-cancellation-policy\\\/#webpage\",\"url\":\"https:\\\/\\\/seadreamers.gr\\\/de\\\/payments-cancellation-policy\\\/\",\"name\":\"Payment and Cancellation Policy | SeaDreamers\",\"description\":\"Transparent booking terms for SeaDreamers boat tours. Deposit requirements, cancellation windows, and refund details -- all clearly explained.\",\"inLanguage\":\"de-DE\",\"isPartOf\":{\"@id\":\"https:\\\/\\\/seadreamers.gr\\\/de\\\/#website\"},\"breadcrumb\":{\"@id\":\"https:\\\/\\\/seadreamers.gr\\\/de\\\/payments-cancellation-policy\\\/#breadcrumblist\"},\"datePublished\":\"2023-07-03T14:00:31+03:00\",\"dateModified\":\"2026-03-13T12:35:32+02:00\"}]}\n\t\t<\/script>\n\t\t<!-- All in One SEO Pro -->\r\n\t\t<title>Payment and Cancellation Policy | SeaDreamers<\/title>\n\n","aioseo_head_json":{"title":"Zahlungs- und Stornierungsbedingungen | SeaDreamers","description":"Transparente Buchungsbedingungen f\u00fcr SeaDreamers Bootsfahrten. Anzahlungsanforderungen, Stornierungsfristen und R\u00fcckerstattungsdetails \u2013 alles klar erkl\u00e4rt.","canonical_url":"https:\/\/seadreamers.gr\/de\/payments-cancellation-policy\/","robots":"max-image-preview:large","keywords":"","webmasterTools":{"google-site-verification":"4FOEztazX8qyyEzppzlQqn-ZaZID3EDsMdiT8wAzjuw","miscellaneous":""},"schema":{"@context":"https:\/\/schema.org","@graph":[{"@type":"BreadcrumbList","@id":"https:\/\/seadreamers.gr\/de\/payments-cancellation-policy\/#breadcrumblist","itemListElement":[{"@type":"ListItem","@id":"https:\/\/seadreamers.gr\/de#listItem","position":1,"name":"Home","item":"https:\/\/seadreamers.gr\/de","nextItem":{"@type":"ListItem","@id":"https:\/\/seadreamers.gr\/de\/payments-cancellation-policy\/#listItem","name":"Payment &#038; Cancellation Policy"}},{"@type":"ListItem","@id":"https:\/\/seadreamers.gr\/de\/payments-cancellation-policy\/#listItem","position":2,"name":"Payment &#038; Cancellation Policy","previousItem":{"@type":"ListItem","@id":"https:\/\/seadreamers.gr\/de#listItem","name":"Home"}}]},{"@type":"WebPage","@id":"https:\/\/seadreamers.gr\/de\/payments-cancellation-policy\/#webpage","url":"https:\/\/seadreamers.gr\/de\/payments-cancellation-policy\/","name":"Payment and Cancellation Policy | SeaDreamers","description":"Transparent booking terms for SeaDreamers boat tours. Deposit requirements, cancellation windows, and refund details -- all clearly explained.","inLanguage":"de-DE","isPartOf":{"@id":"https:\/\/seadreamers.gr\/de\/#website"},"breadcrumb":{"@id":"https:\/\/seadreamers.gr\/de\/payments-cancellation-policy\/#breadcrumblist"},"datePublished":"2023-07-03T14:00:31+03:00","dateModified":"2026-03-13T12:35:32+02:00"}]},"og:locale":"de_DE","og:site_name":"Seadreamers - Luxury Boat Rental","og:type":"article","og:title":"Payment and Cancellation Policy | SeaDreamers","og:description":"Transparent booking terms for SeaDreamers boat tours. Deposit requirements, cancellation windows, and refund details -- all clearly explained.","og:url":"https:\/\/seadreamers.gr\/de\/payments-cancellation-policy\/","og:image":"https:\/\/seadreamers.gr\/wp-content\/uploads\/2024\/05\/C0066.00_04_19_18.Still009.jpg","og:image:secure_url":"https:\/\/seadreamers.gr\/wp-content\/uploads\/2024\/05\/C0066.00_04_19_18.Still009.jpg","og:image:width":1920,"og:image:height":1080,"article:published_time":"2023-07-03T11:00:31+00:00","article:modified_time":"2026-03-13T10:35:32+00:00","article:publisher":"https:\/\/www.facebook.com\/seadreamers.gr","twitter:card":"summary_large_image","twitter:title":"Payment and Cancellation Policy | SeaDreamers","twitter:description":"Transparent booking terms for SeaDreamers boat tours. Deposit requirements, cancellation windows, and refund details -- all clearly explained.","twitter:image":"https:\/\/seadreamers.gr\/wp-content\/uploads\/2024\/05\/C0066.00_04_19_18.Still009.jpg"},"aioseo_meta_data":{"post_id":"91","title":"Zahlungs- und Stornierungsbedingungen | SeaDreamers","description":"Transparente Buchungsbedingungen f\u00fcr SeaDreamers Bootsfahrten. Anzahlungsanforderungen, Stornierungsfristen und R\u00fcckerstattungsdetails \u2013 alles klar erkl\u00e4rt.","keywords":null,"keyphrases":{"focus":{"keyphrase":"Payment & Cancellation Policy","score":58,"analysis":{"keyphraseInTitle":{"score":9,"maxScore":9,"error":0},"keyphraseInDescription":{"score":9,"maxScore":9,"error":0},"keyphraseLength":{"score":9,"maxScore":9,"error":0,"length":3},"keyphraseInURL":{"score":1,"maxScore":5,"error":1},"keyphraseInIntroduction":{"score":3,"maxScore":9,"error":1},"keyphraseInSubHeadings":{"score":3,"maxScore":9,"error":1},"keyphraseInImageAlt":[],"keywordDensity":{"score":0,"type":"low","maxScore":9,"error":1}}},"additional":[]},"primary_term":null,"canonical_url":null,"og_title":null,"og_description":null,"og_object_type":"default","og_image_type":"default","og_image_url":null,"og_image_width":null,"og_image_height":null,"og_image_custom_url":null,"og_image_custom_fields":null,"og_video":"","og_custom_url":null,"og_article_section":null,"og_article_tags":null,"twitter_use_og":false,"twitter_card":"default","twitter_image_type":"default","twitter_image_url":null,"twitter_image_custom_url":null,"twitter_image_custom_fields":null,"twitter_title":null,"twitter_description":null,"schema":{"blockGraphs":[],"customGraphs":[],"default":{"data":{"Article":[],"Course":[],"Dataset":[],"FAQPage":[],"Movie":[],"Person":[],"Product":[],"ProductReview":[],"Car":[],"Recipe":[],"Service":[],"SoftwareApplication":[],"WebPage":[]},"graphName":"WebPage","isEnabled":true},"graphs":[]},"schema_type":"default","schema_type_options":null,"pillar_content":false,"robots_default":true,"robots_noindex":false,"robots_noarchive":false,"robots_nosnippet":false,"robots_nofollow":false,"robots_noimageindex":false,"robots_noodp":false,"robots_notranslate":false,"robots_max_snippet":"-1","robots_max_videopreview":"-1","robots_max_imagepreview":"large","priority":null,"frequency":"default","local_seo":null,"seo_analyzer_scan_date":"2026-03-13 11:12:56","breadcrumb_settings":null,"limit_modified_date":false,"open_ai":"{\"title\":{\"suggestions\":[],\"usage\":0},\"description\":{\"suggestions\":[],\"usage\":0}}","ai":{"faqs":[],"keyPoints":[],"titles":[],"descriptions":[],"socialPosts":{"email":[],"linkedin":[],"twitter":[],"facebook":[],"instagram":[]}},"created":"2025-06-14 09:47:12","updated":"2026-03-13 11:19:03"},"aioseo_breadcrumb":"<div class=\"aioseo-breadcrumbs\"><span class=\"aioseo-breadcrumb\">\n\t<a href=\"https:\/\/seadreamers.gr\/de\" title=\"Home\">Home<\/a>\n<\/span><span class=\"aioseo-breadcrumb-separator\">&raquo;<\/span><span class=\"aioseo-breadcrumb\">\n\tPayment &amp; Cancellation Policy\n<\/span><\/div>","aioseo_breadcrumb_json":[{"label":"Home","link":"https:\/\/seadreamers.gr\/de"},{"label":"Payment &#038; Cancellation Policy","link":"https:\/\/seadreamers.gr\/de\/payments-cancellation-policy\/"}],"_links":{"self":[{"href":"https:\/\/seadreamers.gr\/de\/wp-json\/wp\/v2\/pages\/91","targetHints":{"allow":["GET"]}}],"collection":[{"href":"https:\/\/seadreamers.gr\/de\/wp-json\/wp\/v2\/pages"}],"about":[{"href":"https:\/\/seadreamers.gr\/de\/wp-json\/wp\/v2\/types\/page"}],"author":[{"embeddable":true,"href":"https:\/\/seadreamers.gr\/de\/wp-json\/wp\/v2\/users\/1"}],"replies":[{"embeddable":true,"href":"https:\/\/seadreamers.gr\/de\/wp-json\/wp\/v2\/comments?post=91"}],"version-history":[{"count":13,"href":"https:\/\/seadreamers.gr\/de\/wp-json\/wp\/v2\/pages\/91\/revisions"}],"predecessor-version":[{"id":3862,"href":"https:\/\/seadreamers.gr\/de\/wp-json\/wp\/v2\/pages\/91\/revisions\/3862"}],"wp:attachment":[{"href":"https:\/\/seadreamers.gr\/de\/wp-json\/wp\/v2\/media?parent=91"}],"curies":[{"name":"wp","href":"https:\/\/api.w.org\/{rel}","templated":true}]}}